{"id":1048,"date":"2020-09-24T09:05:11","date_gmt":"2020-09-24T09:05:11","guid":{"rendered":"https:\/\/anna-maria-villa.com\/contact\/"},"modified":"2022-10-12T09:02:56","modified_gmt":"2022-10-12T09:02:56","slug":"contact","status":"publish","type":"page","link":"https:\/\/anna-maria-villa.com\/fr\/contact\/","title":{"rendered":"Contact"},"content":{"rendered":"<p>[et_pb_section fb_built=\u00a0\u00bb1&Prime; _builder_version=\u00a0\u00bb3.29.3&Prime;][et_pb_row _builder_version=\u00a0\u00bb4.7.4&Prime; _module_preset=\u00a0\u00bbdefault\u00a0\u00bb][et_pb_column type=\u00a0\u00bb4_4&Prime; _builder_version=\u00a0\u00bb4.7.4&Prime; _module_preset=\u00a0\u00bbdefault\u00a0\u00bb][et_pb_text _builder_version=\u00a0\u00bb4.7.4&Prime; _module_preset=\u00a0\u00bbdefault\u00a0\u00bb]<\/p>\n<h2>Contact<\/h2>\n<p>[\/et_pb_text][et_pb_divider color=\u00a0\u00bb#00c1c1&Prime; divider_weight=\u00a0\u00bb2px\u00a0\u00bb _builder_version=\u00a0\u00bb4.7.4&Prime; _module_preset=\u00a0\u00bbdefault\u00a0\u00bb][\/et_pb_divider][\/et_pb_column][\/et_pb_row][et_pb_row column_structure=\u00a0\u00bb1_3,2_3&Prime; _builder_version=\u00a0\u00bb3.29.3&Prime; custom_padding=\u00a0\u00bb41px|||||\u00a0\u00bb][et_pb_column type=\u00a0\u00bb1_3&Prime; _builder_version=\u00a0\u00bb3.29.3&Prime;][et_pb_image src=\u00a0\u00bbhttps:\/\/anna-maria-villa.com\/wp-content\/uploads\/2020\/11\/DSC_9460-.jpg\u00a0\u00bb title_text=\u00a0\u00bb__DSC_9460 + &#8211;\u00a0\u00bb _builder_version=\u00a0\u00bb4.9.4&Prime; _module_preset=\u00a0\u00bbdefault\u00a0\u00bb][\/et_pb_image][\/et_pb_column][et_pb_column type=\u00a0\u00bb2_3&Prime; _builder_version=\u00a0\u00bb3.29.3&Prime;][et_pb_text _builder_version=\u00a0\u00bb4.9.4&Prime; _module_preset=\u00a0\u00bbdefault\u00a0\u00bb]<\/p>\n<p>Nous passons r\u00e9guli\u00e8rement nos vacances dans notre Villa Anna Maria et connaissons tr\u00e8s bien la maison et la r\u00e9gion. Vous avez des questions sur la maison, comment s&rsquo;y rendre ou la r\u00e9gion ? Nous sommes \u00e0 votre disposition pour de plus amples informations. Contactez-nous simplement par e-mail ou appelez-nous. Nous parlons allemand et anglais.<\/p>\n<p>[\/et_pb_text][et_pb_text _builder_version=\u00a0\u00bb4.7.4&Prime; _module_preset=\u00a0\u00bbdefault\u00a0\u00bb]<\/p>\n<p>+1 941-269-8980<\/p>\n<p>\n            <a href=\"mailto:bradenton@web.de\">bradenton@web.de<\/a>\n          <\/p>\n<\/p>\n<p>Villa Anna Maria<br \/>1406 83rd St NW<br \/>Bradenton FL 34209<\/p>\n<\/p>\n<\/p>\n<p>Responsable du contenu :<\/p>\n<p>Bradenton Asset, LLC<br \/>7901 4th St N STE 4000<br \/>33702 Saint-P\u00e9tersbourg<\/p>\n<\/p>\n<\/p>\n<p>[\/et_pb_text][\/et_pb_column][\/et_pb_row][\/et_pb_section]<\/p>\n","protected":false},"excerpt":{"rendered":"<p>ContactNous passons r\u00e9guli\u00e8rement nos vacances dans notre Villa Anna Maria et connaissons tr\u00e8s bien la maison et la r\u00e9gion. Vous avez des questions sur la maison, comment s&rsquo;y rendre ou la r\u00e9gion ? Nous sommes \u00e0 votre disposition pour de plus amples informations. Contactez-nous simplement par e-mail ou appelez-nous. Nous parlons allemand et anglais. +1 [&hellip;]<\/p>\n","protected":false},"author":1,"featured_media":0,"parent":0,"menu_order":0,"comment_status":"closed","ping_status":"closed","template":"","meta":{"_et_pb_use_builder":"on","_et_pb_old_content":"","_et_gb_content_width":"","footnotes":""},"class_list":["post-1048","page","type-page","status-publish","hentry"],"_links":{"self":[{"href":"https:\/\/anna-maria-villa.com\/fr\/wp-json\/wp\/v2\/pages\/1048"}],"collection":[{"href":"https:\/\/anna-maria-villa.com\/fr\/wp-json\/wp\/v2\/pages"}],"about":[{"href":"https:\/\/anna-maria-villa.com\/fr\/wp-json\/wp\/v2\/types\/page"}],"author":[{"embeddable":true,"href":"https:\/\/anna-maria-villa.com\/fr\/wp-json\/wp\/v2\/users\/1"}],"replies":[{"embeddable":true,"href":"https:\/\/anna-maria-villa.com\/fr\/wp-json\/wp\/v2\/comments?post=1048"}],"version-history":[{"count":11,"href":"https:\/\/anna-maria-villa.com\/fr\/wp-json\/wp\/v2\/pages\/1048\/revisions"}],"predecessor-version":[{"id":1504,"href":"https:\/\/anna-maria-villa.com\/fr\/wp-json\/wp\/v2\/pages\/1048\/revisions\/1504"}],"wp:attachment":[{"href":"https:\/\/anna-maria-villa.com\/fr\/wp-json\/wp\/v2\/media?parent=1048"}],"curies":[{"name":"wp","href":"https:\/\/api.w.org\/{rel}","templated":true}]}}