{"id":1038,"date":"2020-09-10T11:49:51","date_gmt":"2020-09-10T11:49:51","guid":{"rendered":"https:\/\/anna-maria-villa.com\/accueil\/"},"modified":"2021-07-30T08:26:04","modified_gmt":"2021-07-30T08:26:04","slug":"accueil","status":"publish","type":"page","link":"https:\/\/anna-maria-villa.com\/fr\/","title":{"rendered":"Accueil"},"content":{"rendered":"\n[et_pb_section fb_built=\u00a0\u00bb1&Prime; _builder_version=\u00a0\u00bb4.7.4&Prime; _module_preset=\u00a0\u00bbdefault\u00a0\u00bb use_background_color_gradient=\u00a0\u00bbon\u00a0\u00bb background_color_gradient_start=\u00a0\u00bb#ffffff\u00a0\u00bb background_color_gradient_end=\u00a0\u00bb#00c1c1&Prime; background_color_gradient_start_position=\u00a0\u00bb50%\u00a0\u00bb background_image=\u00a0\u00bbhttps:\/\/anna-maria-villa.com\/wp-content\/uploads\/2020\/11\/AdobeStock_297264348.jpg\u00a0\u00bb custom_padding=\u00a0\u00bb116px||114px|||\u00a0\u00bb][et_pb_row _builder_version=\u00a0\u00bb4.7.4&Prime; _module_preset=\u00a0\u00bbdefault\u00a0\u00bb][et_pb_column type=\u00a0\u00bb4_4&Prime; _builder_version=\u00a0\u00bb4.7.4&Prime; _module_preset=\u00a0\u00bbdefault\u00a0\u00bb][et_pb_text _builder_version=\u00a0\u00bb4.7.4&Prime; text_font=\u00a0\u00bb||||||||\u00a0\u00bb text_text_color=\u00a0\u00bb#000000&Prime; text_font_size=\u00a0\u00bb21px\u00a0\u00bb header_font=\u00a0\u00bbPrata||||||||\u00a0\u00bb header_text_color=\u00a0\u00bb#000000&Prime; header_font_size=\u00a0\u00bb62px\u00a0\u00bb header_line_height=\u00a0\u00bb1.3em\u00a0\u00bb header_2_font=\u00a0\u00bbPrata|700||on|||||\u00a0\u00bb header_2_font_size=\u00a0\u00bb16px\u00a0\u00bb header_2_letter_spacing=\u00a0\u00bb6px\u00a0\u00bb header_2_line_height=\u00a0\u00bb2em\u00a0\u00bb header_3_font=\u00a0\u00bb||||||||\u00a0\u00bb custom_margin=\u00a0\u00bb0px||0px||false|false\u00a0\u00bb custom_margin_tablet=\u00a0\u00bb0vw||20px\u00a0\u00bb custom_margin_phone=\u00a0\u00bb\u00a0\u00bb custom_margin_last_edited=\u00a0\u00bbon|desktop\u00a0\u00bb custom_padding=\u00a0\u00bb0px||42px|||\u00a0\u00bb text_font_size_tablet=\u00a0\u00bb\u00a0\u00bb text_font_size_phone=\u00a0\u00bb\u00a0\u00bb text_font_size_last_edited=\u00a0\u00bbon|tablet\u00a0\u00bb header_font_size_tablet=\u00a0\u00bb10vw\u00a0\u00bb header_font_size_phone=\u00a0\u00bb\u00a0\u00bb header_font_size_last_edited=\u00a0\u00bbon|phone\u00a0\u00bb header_2_font_size_tablet=\u00a0\u00bb\u00a0\u00bb header_2_font_size_phone=\u00a0\u00bb12px\u00a0\u00bb header_2_font_size_last_edited=\u00a0\u00bbon|phone\u00a0\u00bb header_text_shadow_style=\u00a0\u00bbpreset3&Prime; header_text_shadow_vertical_length=\u00a0\u00bb0.03em\u00a0\u00bb header_text_shadow_color=\u00a0\u00bb#ffffff\u00a0\u00bb locked=\u00a0\u00bboff\u00a0\u00bb header_3_font_size__hover=\u00a0\u00bb22px\u00a0\u00bb header_3_font_size__hover_enabled=\u00a0\u00bb22px\u00a0\u00bb header_3_letter_spacing__hover=\u00a0\u00bb0px\u00a0\u00bb header_3_letter_spacing__hover_enabled=\u00a0\u00bb0px\u00a0\u00bb header_3_line_height__hover=\u00a0\u00bb1em\u00a0\u00bb header_3_line_height__hover_enabled=\u00a0\u00bb1em\u00a0\u00bb header_3_text_shadow_style__hover=\u00a0\u00bbnone\u00a0\u00bb header_3_text_shadow_style__hover_enabled=\u00a0\u00bbnone\u00a0\u00bb header_3_text_shadow_color__hover=\u00a0\u00bbrgba(0,0,0,0.4)\u00a0\u00bb header_3_text_shadow_color__hover_enabled=\u00a0\u00bbrgba(0,0,0,0.4)\u00a0\u00bb]<h1>Vacances au paradis<\/h1>[\/et_pb_text][et_pb_button button_url=\u00a0\u00bbhttps:\/\/www.florida-dreams.com\/vacation-rentals\/rental\/1757-205071\/\u00a0\u00bb url_new_window=\u00a0\u00bbon\u00a0\u00bb button_text=\u00a0\u00bbR\u00e9servez d\u00e8s maintenant votre s\u00e9jour de r\u00eave dans l&rsquo;\u00e9tat ensoleill\u00e9 de Floride\u00a0\u00bb button_alignment=\u00a0\u00bbleft\u00a0\u00bb _builder_version=\u00a0\u00bb4.7.4&Prime; custom_button=\u00a0\u00bbon\u00a0\u00bb button_text_color=\u00a0\u00bb#00c1c1&Prime; button_bg_color=\u00a0\u00bb#ffffff\u00a0\u00bb button_border_width=\u00a0\u00bb0px\u00a0\u00bb button_border_radius=\u00a0\u00bb8px\u00a0\u00bb custom_margin=\u00a0\u00bb0px||29px|||\u00a0\u00bb][\/et_pb_button][\/et_pb_column][\/et_pb_row][\/et_pb_section][et_pb_section fb_built=\u00a0\u00bb1&Prime; _builder_version=\u00a0\u00bb4.7.4&Prime; _module_preset=\u00a0\u00bbdefault\u00a0\u00bb][et_pb_row _builder_version=\u00a0\u00bb4.7.4&Prime; _module_preset=\u00a0\u00bbdefault\u00a0\u00bb][et_pb_column type=\u00a0\u00bb4_4&Prime; _builder_version=\u00a0\u00bb4.7.4&Prime; _module_preset=\u00a0\u00bbdefault\u00a0\u00bb][et_pb_text _builder_version=\u00a0\u00bb4.7.4&Prime; _module_preset=\u00a0\u00bbdefault\u00a0\u00bb]<h3 style=\"text-align: center\">Vos vacances de r\u00eave sur la c\u00f4te sud-ouest de la Floride avec ses interminables plages de sable blanc<br> <\/h3>\n          \n\n          <p style=\"text-align: center\">Dans la <strong>Villa Anna Maria<\/strong> profitez d&rsquo;un s\u00e9jour sans soucis en Floride.<\/p>\n          \n\n          <p style=\"text-align: center\"><\/p>[\/et_pb_text][et_pb_video src=\u00a0\u00bbhttps:\/\/anna-maria-villa.com\/wp-content\/uploads\/2020\/11\/Video_anna_maria-1.mp4&Prime; image_src=\u00a0\u00bbhttps:\/\/anna-maria-villa.com\/wp-content\/uploads\/2021\/01\/Voransichtsbild.jpg\u00a0\u00bb thumbnail_overlay_color=\u00a0\u00bbrgba(0,0,0,0.6)\u00a0\u00bb _builder_version=\u00a0\u00bb4.7.4&Prime; _module_preset=\u00a0\u00bbdefault\u00a0\u00bb custom_margin=\u00a0\u00bb||41px|||\u00a0\u00bb][\/et_pb_video][et_pb_text _builder_version=\u00a0\u00bb4.7.4&Prime; _module_preset=\u00a0\u00bbdefault\u00a0\u00bb custom_padding=\u00a0\u00bb0px|||||\u00a0\u00bb]<p> <strong>La Anna Maria Villa<\/strong> est une beaut\u00e9 avec 4 chambres, 3 salles de bains et une piscine ! Elle est situ\u00e9, dans le quartier tr\u00e8s appr\u00e9ci\u00e9 de North West Bradenton. Toutes les chambres, la grande salle de jeu, ainsi que le<strong> coin salon couvert<\/strong> sont \u00e9quip\u00e9s d&rsquo;une t\u00e9l\u00e9vision. Cette confortable villa dispose de deux lits king-size, d&rsquo;un lit queen et de deux lits doubles et peut accueillir jusqu&rsquo;\u00e0 8 personnes. D\u00e9tendez-vous dans <strong>lapiscine chauf\u00e9e,<\/strong> le plaisant salon ext\u00e9rieur, la salle manger ou le salon couvert, o\u00f9 vous pourrez d\u00e9guster des boissons fra\u00eeches. La cuisine est enti\u00e8rement \u00e9quip\u00e9e avec tout le confort moderne. Il y a aussi une buanderie avec machine \u00e0 laver et s\u00e9che-linge. Le<strong> grand espace d`animations qui est un peu \u00e0 l\u00e9cart,<\/strong> n&rsquo;est pas seulement destin\u00e9 aux enfants, mais les adultes peuvent \u00e9galement s&rsquo;y d\u00e9tendre et profiter des comp\u00e9titions. Un barbecue \u00e0 gaz, une connexion Wi-Fi, des chaises de plage et des serviettes sont disponibles gratuitement. Toute la famille appr\u00e9ciera le confort, notamment la proximit\u00e9 des plages de sable blanc de l&rsquo;\u00eele Anna Maria situ\u00e9es <strong>\u00e0 moins de 10 minutes en voiture<\/strong> ainsi que les magasins et restaurants locaux de Bradenton.<\/p>[\/et_pb_text][\/et_pb_column][\/et_pb_row][et_pb_row column_structure=\u00a0\u00bb1_3,1_3,1_3&Prime; use_custom_gutter=\u00a0\u00bbon\u00a0\u00bb gutter_width=\u00a0\u00bb2&Prime; _builder_version=\u00a0\u00bb4.7.4&Prime; _module_preset=\u00a0\u00bbdefault\u00a0\u00bb][et_pb_column type=\u00a0\u00bb1_3&Prime; _builder_version=\u00a0\u00bb4.7.4&Prime; _module_preset=\u00a0\u00bbdefault\u00a0\u00bb][et_pb_image src=\u00a0\u00bbhttps:\/\/anna-maria-villa.com\/wp-content\/uploads\/2020\/11\/A7R02769.jpg\u00a0\u00bb alt=\u00a0\u00bbRelaxer\u00a0\u00bb title_text=\u00a0\u00bb_A7R02769&Prime; _builder_version=\u00a0\u00bb4.7.4&Prime; _module_preset=\u00a0\u00bbdefault\u00a0\u00bb][\/et_pb_image][\/et_pb_column][et_pb_column type=\u00a0\u00bb1_3&Prime; _builder_version=\u00a0\u00bb4.7.4&Prime; _module_preset=\u00a0\u00bbdefault\u00a0\u00bb][et_pb_image src=\u00a0\u00bbhttps:\/\/anna-maria-villa.com\/wp-content\/uploads\/2020\/11\/A7R02783.jpg\u00a0\u00bb alt=\u00a0\u00bbVilla Anna Maria\u00a0\u00bb title_text=\u00a0\u00bb_A7R02783&Prime; _builder_version=\u00a0\u00bb4.7.4&Prime; _module_preset=\u00a0\u00bbdefault\u00a0\u00bb][\/et_pb_image][\/et_pb_column][et_pb_column type=\u00a0\u00bb1_3&Prime; _builder_version=\u00a0\u00bb4.7.4&Prime; _module_preset=\u00a0\u00bbdefault\u00a0\u00bb][et_pb_image src=\u00a0\u00bbhttps:\/\/anna-maria-villa.com\/wp-content\/uploads\/2020\/11\/A7R02755.jpg\u00a0\u00bb alt=\u00a0\u00bbbassin\u00a0\u00bb title_text=\u00a0\u00bb_A7R02755&Prime; _builder_version=\u00a0\u00bb4.7.4&Prime; _module_preset=\u00a0\u00bbdefault\u00a0\u00bb][\/et_pb_image][\/et_pb_column][\/et_pb_row][\/et_pb_section]\n","protected":false},"excerpt":{"rendered":"<p>Vacances au paradisVos vacances de r\u00eave sur la c\u00f4te sud-ouest de la Floride avec ses interminables plages de sable blanc Dans la Villa Anna Maria profitez d&rsquo;un s\u00e9jour sans soucis en Floride. La Anna Maria Villa est une beaut\u00e9 avec 4 chambres, 3 salles de bains et une piscine ! Elle est situ\u00e9, dans le [&hellip;]<\/p>\n","protected":false},"author":1,"featured_media":0,"parent":0,"menu_order":0,"comment_status":"closed","ping_status":"closed","template":"","meta":{"_et_pb_use_builder":"on","_et_pb_old_content":"","_et_gb_content_width":"","footnotes":""},"class_list":["post-1038","page","type-page","status-publish","hentry"],"_links":{"self":[{"href":"https:\/\/anna-maria-villa.com\/fr\/wp-json\/wp\/v2\/pages\/1038"}],"collection":[{"href":"https:\/\/anna-maria-villa.com\/fr\/wp-json\/wp\/v2\/pages"}],"about":[{"href":"https:\/\/anna-maria-villa.com\/fr\/wp-json\/wp\/v2\/types\/page"}],"author":[{"embeddable":true,"href":"https:\/\/anna-maria-villa.com\/fr\/wp-json\/wp\/v2\/users\/1"}],"replies":[{"embeddable":true,"href":"https:\/\/anna-maria-villa.com\/fr\/wp-json\/wp\/v2\/comments?post=1038"}],"version-history":[{"count":21,"href":"https:\/\/anna-maria-villa.com\/fr\/wp-json\/wp\/v2\/pages\/1038\/revisions"}],"predecessor-version":[{"id":1472,"href":"https:\/\/anna-maria-villa.com\/fr\/wp-json\/wp\/v2\/pages\/1038\/revisions\/1472"}],"wp:attachment":[{"href":"https:\/\/anna-maria-villa.com\/fr\/wp-json\/wp\/v2\/media?parent=1038"}],"curies":[{"name":"wp","href":"https:\/\/api.w.org\/{rel}","templated":true}]}}