{"id":990,"date":"2020-08-19T10:01:27","date_gmt":"2020-08-19T10:01:27","guid":{"rendered":"https:\/\/anna-maria-villa.com\/bradenton\/"},"modified":"2021-06-16T11:17:55","modified_gmt":"2021-06-16T11:17:55","slug":"bradenton","status":"publish","type":"page","link":"https:\/\/anna-maria-villa.com\/es\/bradenton\/","title":{"rendered":"Bradenton"},"content":{"rendered":"<p>[et_pb_section fb_built=\u00bb1&#8243; admin_label=\u00bbHeader\u00bb _builder_version=\u00bb3.29.3&#8243; background_enable_image=\u00bboff\u00bb z_index=\u00bb10&#8243; overflow-x=\u00bbhidden\u00bb custom_padding=\u00bb||4px|||\u00bb][et_pb_row column_structure=\u00bb1_2,1_2&#8243; _builder_version=\u00bb3.29.3&#8243; z_index=\u00bb10&#8243;][et_pb_column type=\u00bb1_2&#8243; _builder_version=\u00bb3.25&#8243; custom_padding=\u00bb|||\u00bb custom_padding__hover=\u00bb|||\u00bb][et_pb_text _builder_version=\u00bb4.7.4&#8243; text_font=\u00bbLato||||||||\u00bb text_font_size=\u00bb18px\u00bb header_font=\u00bb||||||||\u00bb header_2_font=\u00bb||||||||\u00bb header_3_font=\u00bbPrata|900|||||||\u00bb header_3_font_size=\u00bb26px\u00bb header_3_line_height=\u00bb1.6em\u00bb background_enable_color=\u00bboff\u00bb width=\u00bb96%\u00bb module_alignment=\u00bbright\u00bb custom_margin=\u00bb|||-200px\u00bb custom_margin_tablet=\u00bb|||0px\u00bb custom_margin_phone=\u00bb-200px||\u00bb custom_margin_last_edited=\u00bbon|desktop\u00bb custom_padding=\u00bb50px|40px|50px|40px|true|true\u00bb custom_padding_tablet=\u00bb\u00bb custom_padding_phone=\u00bb30px|20px|30px|20px|true|true\u00bb custom_padding_last_edited=\u00bbon|desktop\u00bb text_font_size_tablet=\u00bb\u00bb text_font_size_phone=\u00bb15px\u00bb text_font_size_last_edited=\u00bbon|desktop\u00bb header_3_font_size_tablet=\u00bb20px\u00bb header_3_font_size_phone=\u00bb16px\u00bb header_3_font_size_last_edited=\u00bbon|desktop\u00bb custom_css_main_element=\u00bbposition: relative;\u00bb text_text_align=\u00bbjustify\u00bb locked=\u00bboff\u00bb]<\/p>\n<h3>Los rincones m\u00e1s bellos de Bradenton<\/h3>\n<p>Sunny Florida es definitivamente uno de los estados m\u00e1s populares de EE. UU., Que se explora mejor en viajes largos por carretera. Especialmente<strong> Isla Anna Maria<\/strong> es un destino de ensue\u00f1o absoluto y garantiza un punto culminante en su ruta. Para que sepa qu\u00e9 otros lugares de inter\u00e9s y aventuras en Florida lo est\u00e1n esperando y lo que definitivamente no debe perderse, tenemos la gu\u00eda definitiva con todos los consejos para sus vacaciones en Bradenton y sus alrededores para usted.[\/et_pb_text][\/et_pb_column][et_pb_column type=\u00bb1_2&#8243; _builder_version=\u00bb3.29.3&#8243; background_enable_image=\u00bboff\u00bb custom_padding=\u00bb|||\u00bb custom_padding__hover=\u00bb|||\u00bb][et_pb_image src=\u00bbhttps:\/\/anna-maria-villa.com\/wp-content\/uploads\/2020\/08\/sight-seeing-44.png\u00bb force_fullwidth=\u00bbon\u00bb _builder_version=\u00bb3.29.3&#8243; background_image=\u00bbhttps:\/\/anna-maria-villa.com\/wp-content\/uploads\/2020\/11\/WhatsApp-Image-2020-11-01-at-20.34.31.jpeg\u00bb parallax=\u00bbon\u00bb][\/et_pb_image][\/et_pb_column][\/et_pb_row][\/et_pb_section][et_pb_section fb_built=\u00bb1&#8243; prev_background_color=\u00bb#ffffff\u00bb next_background_color=\u00bb#ffffff\u00bb _builder_version=\u00bb4.7.4&#8243; background_enable_color=\u00bboff\u00bb background_image=\u00bbhttps:\/\/anna-maria-villa.com\/wp-content\/uploads\/2021\/01\/AdobeStock_62582887-scaled.jpeg\u00bb custom_padding=\u00bb76px||60px|||\u00bb top_divider_style=\u00bbwave2&#8243; bottom_divider_style=\u00bbwave2&#8243; bottom_divider_height=\u00bb50px\u00bb bottom_divider_flip=\u00bbvertical\u00bb hover_enabled=\u00bb0&#8243; title_text=\u00bbCrandon Park Beach\u00bb sticky_enabled=\u00bb0&#8243;][et_pb_row _builder_version=\u00bb3.29.3&#8243; custom_padding=\u00bb29px||179px|||\u00bb][et_pb_column type=\u00bb4_4&#8243; _builder_version=\u00bb3.29.3&#8243;][\/et_pb_column][\/et_pb_row][\/et_pb_section][et_pb_section fb_built=\u00bb1&#8243; admin_label=\u00bbSights\u00bb _builder_version=\u00bb3.29.3&#8243; background_color=\u00bb#ffffff\u00bb background_color_gradient_direction=\u00bb90deg\u00bb background_enable_image=\u00bboff\u00bb background_position=\u00bbbottom_center\u00bb custom_padding=\u00bb||0px|||\u00bb][et_pb_row _builder_version=\u00bb4.7.4&#8243; _module_preset=\u00bbdefault\u00bb][et_pb_column type=\u00bb4_4&#8243; _builder_version=\u00bb4.7.4&#8243; _module_preset=\u00bbdefault\u00bb][et_pb_text _builder_version=\u00bb4.7.4&#8243; text_font=\u00bbLato||||||||\u00bb text_text_color=\u00bb#000000&#8243; text_font_size=\u00bb18px\u00bb header_font=\u00bb||||||||\u00bb header_2_font=\u00bbPrata||||||||\u00bb header_2_text_color=\u00bb#000000&#8243; header_2_font_size=\u00bb61px\u00bb header_2_line_height=\u00bb1.2em\u00bb width=\u00bb100%\u00bb max_width_tablet=\u00bb100%\u00bb max_width_phone=\u00bb\u00bb max_width_last_edited=\u00bbon|desktop\u00bb custom_margin=\u00bb|0px||||\u00bb header_2_font_tablet=\u00bb\u00bb header_2_font_phone=\u00bb\u00bb header_2_font_last_edited=\u00bbon|desktop\u00bb header_2_font_size_tablet=\u00bb51px\u00bb header_2_font_size_phone=\u00bb30px\u00bb header_2_font_size_last_edited=\u00bbon|tablet\u00bb locked=\u00bboff\u00bb]<\/p>\n<h2>Sobre Bradenton<\/h2>\n<p>[\/et_pb_text][et_pb_text _builder_version=\u00bb4.7.4&#8243; text_font=\u00bbLato||||||||\u00bb text_text_color=\u00bb#000000&#8243; text_font_size=\u00bb18px\u00bb header_font=\u00bb||||||||\u00bb header_2_font=\u00bbPT Serif||||||||\u00bb header_2_font_size=\u00bb42px\u00bb header_2_line_height=\u00bb1.2em\u00bb text_orientation=\u00bbjustify\u00bb width=\u00bb100%\u00bb max_width_tablet=\u00bb100%\u00bb max_width_phone=\u00bb\u00bb max_width_last_edited=\u00bbon|tablet\u00bb custom_margin=\u00bb17px|||0px|false|false\u00bb custom_margin_tablet=\u00bb|||0px|false|false\u00bb custom_margin_phone=\u00bb\u00bb custom_margin_last_edited=\u00bbon|phone\u00bb text_font_size_tablet=\u00bb\u00bb text_font_size_phone=\u00bb15px\u00bb text_font_size_last_edited=\u00bbon|desktop\u00bb header_2_font_tablet=\u00bb\u00bb header_2_font_phone=\u00bb\u00bb header_2_font_last_edited=\u00bbon|tablet\u00bb header_2_font_size_tablet=\u00bb\u00bb header_2_font_size_phone=\u00bb30px\u00bb header_2_font_size_last_edited=\u00bbon|desktop\u00bb text_text_align=\u00bbjustify\u00bb locked=\u00bboff\u00bb]La ciudad est\u00e1 ubicada en la costa oeste de Florida a 72 km al sur de Tampa y Tampa Bay<strong> Bradenton<\/strong> en el r\u00edo Manatee.<\/p>\n<p>Llave de datos<\/p>\n<ul>\n<li>Fundada en 1842<\/li>\n<li>Estado de florida<\/li>\n<li>49.546 habitantes<\/li>\n<li>Superficie 37,4 km\u00b2<\/li>\n<\/ul>\n<p>[\/et_pb_text][\/et_pb_column][\/et_pb_row][et_pb_row _builder_version=\u00bb4.7.4&#8243; _module_preset=\u00bbdefault\u00bb][et_pb_column type=\u00bb4_4&#8243; _builder_version=\u00bb4.7.4&#8243; _module_preset=\u00bbdefault\u00bb][et_pb_gallery gallery_ids=\u00bb375,373,372,369,366,365,363,361,362,364,370&#8243; show_title_and_caption=\u00bboff\u00bb _builder_version=\u00bb4.7.4&#8243; _module_preset=\u00bbdefault\u00bb][\/et_pb_gallery][\/et_pb_column][\/et_pb_row][et_pb_row column_structure=\u00bb1_2,1_2&#8243; _builder_version=\u00bb3.25&#8243;][et_pb_column type=\u00bb1_2&#8243; _builder_version=\u00bb3.25&#8243; custom_padding=\u00bb|||\u00bb custom_padding__hover=\u00bb|||\u00bb][et_pb_divider show_divider=\u00bboff\u00bb _builder_version=\u00bb4.7.4&#8243; background_image=\u00bbhttps:\/\/anna-maria-villa.com\/wp-content\/uploads\/2020\/11\/WhatsApp-Image-2020-11-01-at-20.27.04-2.jpeg\u00bb min_height=\u00bb550px\u00bb min_height_tablet=\u00bb370px\u00bb min_height_phone=\u00bb300px\u00bb min_height_last_edited=\u00bbon|phone\u00bb border_width_all=\u00bb22px\u00bb border_color_all=\u00bb#00c1c1&#8243; border_width_all_tablet=\u00bb\u00bb border_width_all_phone=\u00bb3px\u00bb border_width_all_last_edited=\u00bbon|desktop\u00bb][\/et_pb_divider][\/et_pb_column][et_pb_column type=\u00bb1_2&#8243; _builder_version=\u00bb3.25&#8243; custom_padding=\u00bb160px|||\u00bb custom_padding_tablet=\u00bb0px||\u00bb custom_padding_phone=\u00bb\u00bb custom_padding_last_edited=\u00bbon|desktop\u00bb custom_padding__hover=\u00bb|||\u00bb][et_pb_text _builder_version=\u00bb3.29.3&#8243; text_text_color=\u00bb#cbbba0&#8243; header_font=\u00bb||||||||\u00bb header_2_font=\u00bbPrata||||||||\u00bb header_2_text_color=\u00bb#cbbba0&#8243; header_2_font_size=\u00bb120px\u00bb custom_margin=\u00bb|||-156px\u00bb custom_margin_tablet=\u00bb-130px|||0px\u00bb custom_margin_phone=\u00bb-50px||\u00bb custom_margin_last_edited=\u00bbon|tablet\u00bb header_2_font_size_tablet=\u00bb80px\u00bb header_2_font_size_phone=\u00bb40px\u00bb header_2_font_size_last_edited=\u00bbon|phone\u00bb header_2_text_shadow_style=\u00bbpreset1&#8243; header_2_text_shadow_color=\u00bbrgba(36,46,66,0.39)\u00bb]<\/p>\n<h2>Principales lugares de inter\u00e9s<\/h2>\n<p>[\/et_pb_text][et_pb_blurb title=\u00bbIsla Anna Maria\u00bb use_icon=\u00bbon\u00bb font_icon=\u00bb%%202%%\u00bb icon_color=\u00bb#00c1c1&#8243; icon_placement=\u00bbleft\u00bb use_icon_font_size=\u00bbon\u00bb icon_font_size=\u00bb26px\u00bb _builder_version=\u00bb4.7.4&#8243; header_font=\u00bbLato|900|||||||\u00bb header_font_size=\u00bb18px\u00bb header_line_height=\u00bb1.4em\u00bb transform_scale_last_edited=\u00bboff|desktop\u00bb transform_translate_last_edited=\u00bboff|desktop\u00bb transform_translate_linked__hover=\u00bboff\u00bb transform_rotate_last_edited=\u00bboff|desktop\u00bb transform_skew_last_edited=\u00bboff|desktop\u00bb transform_origin_last_edited=\u00bboff|desktop\u00bb transform_styles_last_edited=\u00bboff|desktop\u00bb custom_margin=\u00bb||8px\u00bb animation=\u00bboff\u00bb hover_enabled=\u00bb0&#8243; transform_styles__hover_enabled=\u00bbon\u00bb transform_scale__hover_enabled=\u00bbon\u00bb transform_translate__hover_enabled=\u00bbon\u00bb transform_rotate__hover_enabled=\u00bbon\u00bb transform_skew__hover_enabled=\u00bbon\u00bb transform_origin__hover_enabled=\u00bbon\u00bb transform_translate__hover=\u00bb10px|0px\u00bb link_option_url=\u00bbhttps:\/\/annamariaisland.com\/\u00bb link_option_url_new_window=\u00bbon\u00bb sticky_enabled=\u00bb0&#8243;][\/et_pb_blurb][et_pb_blurb title=\u00bbMuseo Obispo de Ciencia y Naturaleza\u00bb use_icon=\u00bbon\u00bb font_icon=\u00bb%%202%%\u00bb icon_color=\u00bb#00c1c1&#8243; icon_placement=\u00bbleft\u00bb use_icon_font_size=\u00bbon\u00bb icon_font_size=\u00bb26px\u00bb _builder_version=\u00bb4.7.4&#8243; header_font=\u00bbLato|900|||||||\u00bb header_font_size=\u00bb18px\u00bb header_line_height=\u00bb1.4em\u00bb transform_scale_last_edited=\u00bboff|desktop\u00bb transform_translate_last_edited=\u00bboff|desktop\u00bb transform_translate_linked__hover=\u00bboff\u00bb transform_rotate_last_edited=\u00bboff|desktop\u00bb transform_skew_last_edited=\u00bboff|desktop\u00bb transform_origin_last_edited=\u00bboff|desktop\u00bb transform_styles_last_edited=\u00bboff|desktop\u00bb custom_margin=\u00bb||8px\u00bb animation=\u00bboff\u00bb hover_enabled=\u00bb0&#8243; transform_styles__hover_enabled=\u00bbon\u00bb transform_scale__hover_enabled=\u00bbon\u00bb transform_translate__hover=\u00bb10px|0px\u00bb transform_translate__hover_enabled=\u00bbon\u00bb transform_rotate__hover_enabled=\u00bbon\u00bb transform_skew__hover_enabled=\u00bbon\u00bb transform_origin__hover_enabled=\u00bbon\u00bb link_option_url=\u00bbhttps:\/\/bishopscience.org\/\u00bb link_option_url_new_window=\u00bbon\u00bb sticky_enabled=\u00bb0&#8243;][\/et_pb_blurb][et_pb_blurb title=\u00bbRiverwalk\u00bb use_icon=\u00bbon\u00bb font_icon=\u00bb%%202%%\u00bb icon_color=\u00bb#00c1c1&#8243; icon_placement=\u00bbleft\u00bb use_icon_font_size=\u00bbon\u00bb icon_font_size=\u00bb26px\u00bb _builder_version=\u00bb4.7.4&#8243; header_font=\u00bbLato|900|||||||\u00bb header_font_size=\u00bb18px\u00bb header_line_height=\u00bb1.4em\u00bb transform_scale_last_edited=\u00bboff|desktop\u00bb transform_translate_last_edited=\u00bboff|desktop\u00bb transform_translate_linked__hover=\u00bboff\u00bb transform_rotate_last_edited=\u00bboff|desktop\u00bb transform_skew_last_edited=\u00bboff|desktop\u00bb transform_origin_last_edited=\u00bboff|desktop\u00bb transform_styles_last_edited=\u00bboff|desktop\u00bb custom_margin=\u00bb||8px\u00bb animation=\u00bboff\u00bb hover_enabled=\u00bb0&#8243; transform_styles__hover_enabled=\u00bbon\u00bb transform_scale__hover_enabled=\u00bbon\u00bb transform_translate__hover=\u00bb10px|0px\u00bb transform_translate__hover_enabled=\u00bbon\u00bb transform_rotate__hover_enabled=\u00bbon\u00bb transform_skew__hover_enabled=\u00bbon\u00bb transform_origin__hover_enabled=\u00bbon\u00bb link_option_url=\u00bbhttps:\/\/www.realizebradenton.com\/riverwalk\/\u00bb link_option_url_new_window=\u00bbon\u00bb sticky_enabled=\u00bb0&#8243;][\/et_pb_blurb][et_pb_blurb title=\u00bbParque estatal hist\u00f3rico Gamble Plantation\u00bb use_icon=\u00bbon\u00bb font_icon=\u00bb%%202%%\u00bb icon_color=\u00bb#00c1c1&#8243; icon_placement=\u00bbleft\u00bb use_icon_font_size=\u00bbon\u00bb icon_font_size=\u00bb26px\u00bb _builder_version=\u00bb4.7.4&#8243; header_font=\u00bbLato|900|||||||\u00bb header_font_size=\u00bb18px\u00bb header_line_height=\u00bb1.4em\u00bb transform_scale_last_edited=\u00bboff|desktop\u00bb transform_translate_last_edited=\u00bboff|desktop\u00bb transform_translate_linked__hover=\u00bboff\u00bb transform_rotate_last_edited=\u00bboff|desktop\u00bb transform_skew_last_edited=\u00bboff|desktop\u00bb transform_origin_last_edited=\u00bboff|desktop\u00bb transform_styles_last_edited=\u00bboff|desktop\u00bb custom_margin=\u00bb||8px\u00bb animation=\u00bboff\u00bb hover_enabled=\u00bb0&#8243; transform_styles__hover_enabled=\u00bbon\u00bb transform_scale__hover_enabled=\u00bbon\u00bb transform_translate__hover=\u00bb10px|0px\u00bb transform_translate__hover_enabled=\u00bbon\u00bb transform_rotate__hover_enabled=\u00bbon\u00bb transform_skew__hover_enabled=\u00bbon\u00bb transform_origin__hover_enabled=\u00bbon\u00bb link_option_url=\u00bbhttps:\/\/www.floridastateparks.org\/parks-and-trails\/judah-p-benjamin-confederate-memorial-gamble-plantation-historic-state-park\u00bb link_option_url_new_window=\u00bbon\u00bb sticky_enabled=\u00bb0&#8243;][\/et_pb_blurb][et_pb_blurb title=\u00bbCentros comerciales y outlets en Ellenton\u00bb use_icon=\u00bbon\u00bb font_icon=\u00bb%%202%%\u00bb icon_color=\u00bb#00c1c1&#8243; icon_placement=\u00bbleft\u00bb use_icon_font_size=\u00bbon\u00bb icon_font_size=\u00bb26px\u00bb _builder_version=\u00bb4.7.4&#8243; header_font=\u00bbLato|900|||||||\u00bb header_font_size=\u00bb18px\u00bb header_line_height=\u00bb1.4em\u00bb transform_scale_last_edited=\u00bboff|desktop\u00bb transform_translate_last_edited=\u00bboff|desktop\u00bb transform_translate_linked__hover=\u00bboff\u00bb transform_rotate_last_edited=\u00bboff|desktop\u00bb transform_skew_last_edited=\u00bboff|desktop\u00bb transform_origin_last_edited=\u00bboff|desktop\u00bb transform_styles_last_edited=\u00bboff|desktop\u00bb custom_margin=\u00bb||8px\u00bb animation=\u00bboff\u00bb hover_enabled=\u00bb0&#8243; transform_styles__hover_enabled=\u00bbon\u00bb transform_scale__hover_enabled=\u00bbon\u00bb transform_translate__hover=\u00bb10px|0px\u00bb transform_translate__hover_enabled=\u00bbon\u00bb transform_rotate__hover_enabled=\u00bbon\u00bb transform_skew__hover_enabled=\u00bbon\u00bb transform_origin__hover_enabled=\u00bbon\u00bb link_option_url=\u00bbhttps:\/\/www.premiumoutlets.com\/outlet\/ellenton\u00bb link_option_url_new_window=\u00bbon\u00bb sticky_enabled=\u00bb0&#8243;][\/et_pb_blurb][\/et_pb_column][\/et_pb_row][\/et_pb_section][et_pb_section fb_built=\u00bb1&#8243; module_id=\u00bbExcursi\u00f3n\u00bb _builder_version=\u00bb4.7.4&#8243; background_image=\u00bbhttps:\/\/anna-maria-villa.com\/wp-content\/uploads\/2020\/11\/WhatsApp-Image-2020-11-01-at-20.31.38.jpeg\u00bb custom_padding=\u00bb||152px|||\u00bb][et_pb_row custom_padding_last_edited=\u00bbon|phone\u00bb _builder_version=\u00bb4.7.4&#8243; width_tablet=\u00bb100%\u00bb width_phone=\u00bb\u00bb width_last_edited=\u00bbon|phone\u00bb custom_margin=\u00bb|auto||0px||\u00bb custom_padding=\u00bb|141px||||\u00bb custom_padding_tablet=\u00bb|10%|||false|false\u00bb custom_padding_phone=\u00bb|6%|||false|false\u00bb][et_pb_column type=\u00bb4_4&#8243; _builder_version=\u00bb3.25&#8243; custom_padding=\u00bb|||\u00bb custom_padding__hover=\u00bb|||\u00bb][et_pb_text _builder_version=\u00bb4.7.4&#8243; text_font=\u00bbLato||||||||\u00bb text_text_color=\u00bb#000000&#8243; text_font_size=\u00bb18px\u00bb text_line_height=\u00bb1.2em\u00bb header_2_font_size=\u00bb50px\u00bb background_color=\u00bbrgba(255,255,255,0.57)\u00bb custom_padding=\u00bb3%|2%|3%|63px|true|false\u00bb custom_padding_tablet=\u00bb3%||3%|20px|true|false\u00bb custom_padding_phone=\u00bb|2%|||true|false\u00bb custom_padding_last_edited=\u00bbon|phone\u00bb text_font_size_tablet=\u00bb\u00bb text_font_size_phone=\u00bb15px\u00bb text_font_size_last_edited=\u00bbon|desktop\u00bb header_2_font_size_tablet=\u00bb35px\u00bb header_2_font_size_phone=\u00bb25px\u00bb header_2_font_size_last_edited=\u00bbon|phone\u00bb]<\/p>\n<h2>Planifica el tuyo<br \/> excursi\u00f3n perfecta con nosotros<\/h2>\n<\/p>\n<p>\u00bfLe gustar\u00eda pasar un buen rato en Bradenton y no sabe exactamente lo que puede experimentar aqu\u00ed?<\/p>\n<p>Te mostraremos diversas actividades que solo podemos recomendarte.<\/p>\n<p>[\/et_pb_text][\/et_pb_column][\/et_pb_row][\/et_pb_section][et_pb_section fb_built=\u00bb1&#8243; admin_label=\u00bbTours\u00bb module_id=\u00bbmonumentos\u00bb _builder_version=\u00bb4.7.4&#8243;][et_pb_row column_structure=\u00bb1_2,1_2&#8243; _builder_version=\u00bb4.7.4&#8243;][et_pb_column type=\u00bb1_2&#8243; _builder_version=\u00bb3.25&#8243; custom_padding=\u00bb|||\u00bb custom_padding__hover=\u00bb|||\u00bb][et_pb_blurb title=\u00bbIsla Anna Maria\u00bb image=\u00bbhttps:\/\/anna-maria-villa.com\/wp-content\/uploads\/2020\/11\/DSC_9453-.jpg\u00bb _builder_version=\u00bb4.7.4&#8243; _module_preset=\u00bbdefault\u00bb link_option_url=\u00bbhttps:\/\/annamariaisland.com\/\u00bb link_option_url_new_window=\u00bbon\u00bb hover_enabled=\u00bb0&#8243; sticky_enabled=\u00bb0&#8243;]<\/p>\n<p>La isla con las mejores playas de arena de az\u00facar en polvo del mundo y aguas cristalinas.<\/p>\n<p>[\/et_pb_blurb][\/et_pb_column][et_pb_column type=\u00bb1_2&#8243; _builder_version=\u00bb3.25&#8243; custom_padding=\u00bb|||\u00bb custom_padding__hover=\u00bb|||\u00bb][et_pb_blurb title=\u00bbgolf\u00bb image=\u00bbhttps:\/\/anna-maria-villa.com\/wp-content\/uploads\/2021\/01\/DSC_9453-.jpg\u00bb alt=\u00bbMuseo Obispo de Ciencia y Naturaleza\u00bb _builder_version=\u00bb4.7.4&#8243; _module_preset=\u00bbdefault\u00bb link_option_url=\u00bbhttps:\/\/annamariaisland.com\/thingstodo\/golfing\u00bb link_option_url_new_window=\u00bbon\u00bb hover_enabled=\u00bb0&#8243; sticky_enabled=\u00bb0&#8243;]<\/p>\n<p>Existe la posibilidad de jugar en m\u00e1s de 40 campos de golf, a todos los cuales se puede llegar en 20 minutos en coche.<\/p>\n<p>[\/et_pb_blurb][\/et_pb_column][\/et_pb_row][et_pb_row _builder_version=\u00bb3.29.3&#8243;][et_pb_column type=\u00bb4_4&#8243; _builder_version=\u00bb3.29.3&#8243;][et_pb_divider color=\u00bb#00c1c1&#8243; divider_weight=\u00bb4px\u00bb _builder_version=\u00bb3.29.3&#8243;][\/et_pb_divider][\/et_pb_column][\/et_pb_row][et_pb_row column_structure=\u00bb1_2,1_2&#8243; _builder_version=\u00bb4.7.4&#8243;][et_pb_column type=\u00bb1_2&#8243; _builder_version=\u00bb3.25&#8243; custom_padding=\u00bb|||\u00bb custom_padding__hover=\u00bb|||\u00bb][et_pb_blurb title=\u00bbBush Garden Tampa Bay\u00bb image=\u00bbhttps:\/\/anna-maria-villa.com\/wp-content\/uploads\/2021\/01\/DSC_9453v-.jpg\u00bb _builder_version=\u00bb4.7.4&#8243; _module_preset=\u00bbdefault\u00bb link_option_url=\u00bbhttps:\/\/buschgardens.com\/tampa\/\u00bb link_option_url_new_window=\u00bbon\u00bb hover_enabled=\u00bb0&#8243; sticky_enabled=\u00bb0&#8243;]<\/p>\n<p>Visite un gran parque tem\u00e1tico cercano.<\/p>\n<p>[\/et_pb_blurb][\/et_pb_column][et_pb_column type=\u00bb1_2&#8243; _builder_version=\u00bb3.25&#8243; custom_padding=\u00bb|||\u00bb custom_padding__hover=\u00bb|||\u00bb][et_pb_blurb title=\u00bbMuseo Obispo de Ciencia y Naturaleza\u00bb image=\u00bbhttps:\/\/anna-maria-villa.com\/wp-content\/uploads\/2021\/01\/DSC_9453-.png\u00bb alt=\u00bbMuseo Obispo de Ciencia y Naturaleza\u00bb _builder_version=\u00bb4.7.4&#8243; _module_preset=\u00bbdefault\u00bb link_option_url=\u00bbhttps:\/\/bishopscience.org\/\u00bb link_option_url_new_window=\u00bbon\u00bb hover_enabled=\u00bb0&#8243; sticky_enabled=\u00bb0&#8243;]<\/p>\n<p>\n            <span><br \/>\n              <span>Un museo de historia natural y cultural que se especializa en la historia de la Costa del Golfo de Florida.<\/span><br \/>\n            <\/span>\n          <\/p>\n<p>[\/et_pb_blurb][\/et_pb_column][\/et_pb_row][et_pb_row _builder_version=\u00bb3.29.3&#8243;][et_pb_column type=\u00bb4_4&#8243; _builder_version=\u00bb3.29.3&#8243;][et_pb_divider color=\u00bb#00c1c1&#8243; divider_weight=\u00bb4px\u00bb _builder_version=\u00bb3.29.3&#8243;][\/et_pb_divider][\/et_pb_column][\/et_pb_row][et_pb_row column_structure=\u00bb1_2,1_2&#8243; _builder_version=\u00bb4.7.4&#8243;][et_pb_column type=\u00bb1_2&#8243; _builder_version=\u00bb3.25&#8243; custom_padding=\u00bb|||\u00bb custom_padding__hover=\u00bb|||\u00bb][et_pb_blurb title=\u00bbRiverwalk\u00bb image=\u00bbhttps:\/\/anna-maria-villa.com\/wp-content\/uploads\/2021\/01\/DSC_9460-.jpg\u00bb _builder_version=\u00bb4.7.4&#8243; _module_preset=\u00bbdefault\u00bb link_option_url=\u00bbhttps:\/\/www.realizebradenton.com\/riverwalk\/\u00bb link_option_url_new_window=\u00bbon\u00bb hover_enabled=\u00bb0&#8243; sticky_enabled=\u00bb0&#8243;]<\/p>\n<p>\n            <span style=\"color: #666666;font-family: Lato, Helvetica, Arial, Lucida, sans-serif;font-size: 16px;font-style: normal;font-weight: 500;letter-spacing: normal;text-align: left;text-indent: 0px;text-transform: none;background-color: #ffffff;float: none\">El Bradenton Riverwalk es un espacio verde p\u00fablico de 1.5 millas de largo en el r\u00edo Manatee.<\/span>\n          <\/p>\n<p>[\/et_pb_blurb][\/et_pb_column][et_pb_column type=\u00bb1_2&#8243; _builder_version=\u00bb3.25&#8243; custom_padding=\u00bb|||\u00bb custom_padding__hover=\u00bb|||\u00bb][et_pb_blurb title=\u00bbParque estatal hist\u00f3rico Gamble Plantation\u00bb image=\u00bbhttps:\/\/anna-maria-villa.com\/wp-content\/uploads\/2021\/01\/DSC_9453dh-.jpg\u00bb alt=\u00bbMansi\u00f3n Gamble\u00bb _builder_version=\u00bb4.7.4&#8243; _module_preset=\u00bbdefault\u00bb link_option_url=\u00bbhttps:\/\/www.floridastateparks.org\/parks-and-trails\/judah-p-benjamin-confederate-memorial-gamble-plantation-historic-state-park\u00bb link_option_url_new_window=\u00bbon\u00bb hover_enabled=\u00bb0&#8243; sticky_enabled=\u00bb0&#8243;]<\/p>\n<p>\n            <span style=\"color: #666666;font-family: Lato, Helvetica, Arial, Lucida, sans-serif;font-size: 16px;font-style: normal;font-weight: 500;letter-spacing: normal;text-align: left;text-indent: 0px;text-transform: none;background-color: #ffffff;float: none\">Interesante informaci\u00f3n sobre la vida en una plantaci\u00f3n de esclavos hace m\u00e1s de 100 a\u00f1os.<\/span>\n          <\/p>\n<p>[\/et_pb_blurb][\/et_pb_column][\/et_pb_row][\/et_pb_section]<\/p>\n","protected":false},"excerpt":{"rendered":"<p>Los rincones m\u00e1s bellos de Bradenton Sunny Florida es definitivamente uno de los estados m\u00e1s populares de EE. UU., Que se explora mejor en viajes largos por carretera. Especialmente Isla Anna Maria es un destino de ensue\u00f1o absoluto y garantiza un punto culminante en su ruta. Para que sepa qu\u00e9 otros lugares de inter\u00e9s y [&hellip;]<\/p>\n","protected":false},"author":1,"featured_media":0,"parent":0,"menu_order":0,"comment_status":"closed","ping_status":"open","template":"","meta":{"_et_pb_use_builder":"on","_et_pb_old_content":"","_et_gb_content_width":"","footnotes":""},"class_list":["post-990","page","type-page","status-publish","hentry"],"_links":{"self":[{"href":"https:\/\/anna-maria-villa.com\/es\/wp-json\/wp\/v2\/pages\/990"}],"collection":[{"href":"https:\/\/anna-maria-villa.com\/es\/wp-json\/wp\/v2\/pages"}],"about":[{"href":"https:\/\/anna-maria-villa.com\/es\/wp-json\/wp\/v2\/types\/page"}],"author":[{"embeddable":true,"href":"https:\/\/anna-maria-villa.com\/es\/wp-json\/wp\/v2\/users\/1"}],"replies":[{"embeddable":true,"href":"https:\/\/anna-maria-villa.com\/es\/wp-json\/wp\/v2\/comments?post=990"}],"version-history":[{"count":6,"href":"https:\/\/anna-maria-villa.com\/es\/wp-json\/wp\/v2\/pages\/990\/revisions"}],"predecessor-version":[{"id":998,"href":"https:\/\/anna-maria-villa.com\/es\/wp-json\/wp\/v2\/pages\/990\/revisions\/998"}],"wp:attachment":[{"href":"https:\/\/anna-maria-villa.com\/es\/wp-json\/wp\/v2\/media?parent=990"}],"curies":[{"name":"wp","href":"https:\/\/api.w.org\/{rel}","templated":true}]}}