{"id":1045,"date":"2020-09-24T09:05:11","date_gmt":"2020-09-24T09:05:11","guid":{"rendered":"https:\/\/anna-maria-villa.com\/contacto\/"},"modified":"2022-10-12T09:19:10","modified_gmt":"2022-10-12T09:19:10","slug":"contacto","status":"publish","type":"page","link":"https:\/\/anna-maria-villa.com\/es\/contacto\/","title":{"rendered":"Contacto"},"content":{"rendered":"<p>[et_pb_section fb_built=\u00bb1&#8243; _builder_version=\u00bb3.29.3&#8243;][et_pb_row _builder_version=\u00bb4.7.4&#8243; _module_preset=\u00bbdefault\u00bb][et_pb_column type=\u00bb4_4&#8243; _builder_version=\u00bb4.7.4&#8243; _module_preset=\u00bbdefault\u00bb][et_pb_text _builder_version=\u00bb4.7.4&#8243; _module_preset=\u00bbdefault\u00bb]<\/p>\n<h2>Contacto<\/h2>\n<p>[\/et_pb_text][et_pb_divider color=\u00bb#00c1c1&#8243; divider_weight=\u00bb2px\u00bb _builder_version=\u00bb4.7.4&#8243; _module_preset=\u00bbdefault\u00bb][\/et_pb_divider][\/et_pb_column][\/et_pb_row][et_pb_row column_structure=\u00bb1_3,2_3&#8243; _builder_version=\u00bb3.29.3&#8243; custom_padding=\u00bb41px|||||\u00bb][et_pb_column type=\u00bb1_3&#8243; _builder_version=\u00bb3.29.3&#8243;][et_pb_image src=\u00bbhttps:\/\/anna-maria-villa.com\/wp-content\/uploads\/2020\/11\/DSC_9460-.jpg\u00bb title_text=\u00bb__DSC_9460 + -\u00bb _builder_version=\u00bb4.9.4&#8243; _module_preset=\u00bbdefault\u00bb][\/et_pb_image][\/et_pb_column][et_pb_column type=\u00bb2_3&#8243; _builder_version=\u00bb3.29.3&#8243;][et_pb_text _builder_version=\u00bb4.9.4&#8243; _module_preset=\u00bbdefault\u00bb]<\/p>\n<p>Regularmente pasamos nuestras vacaciones en nuestra Anna Maria Villa y conocemos muy bien la casa y la regi\u00f3n. \u00bfTiene alguna pregunta sobre la casa, c\u00f3mo llegar o la regi\u00f3n? Estamos a su disposici\u00f3n para ampliar la informaci\u00f3n. Simplemente cont\u00e1ctenos por correo electr\u00f3nico o ll\u00e1menos. Hablamos alem\u00e1n e ingl\u00e9s.<\/p>\n<p>[\/et_pb_text][et_pb_text _builder_version=\u00bb4.7.4&#8243; _module_preset=\u00bbdefault\u00bb]<\/p>\n<p>+1 941-269-8980<\/p>\n<p>\n            <a href=\"mailto:bradenton@web.de\">bradenton@web.de<\/a>\n          <\/p>\n<\/p>\n<p>Anna Maria Villa<br \/>1406 83rd St NW<br \/>Bradenton FL 34209<\/p>\n<\/p>\n<\/p>\n<p>Responsable del contenido:<\/p>\n<p>Bradenton Asset, LLC<br \/>7901 4th St N STE 4000<br \/>33702 San Petersburgo<\/p>\n<\/p>\n<\/p>\n<p>[\/et_pb_text][\/et_pb_column][\/et_pb_row][\/et_pb_section]<\/p>\n","protected":false},"excerpt":{"rendered":"<p>ContactoRegularmente pasamos nuestras vacaciones en nuestra Anna Maria Villa y conocemos muy bien la casa y la regi\u00f3n. \u00bfTiene alguna pregunta sobre la casa, c\u00f3mo llegar o la regi\u00f3n? Estamos a su disposici\u00f3n para ampliar la informaci\u00f3n. Simplemente cont\u00e1ctenos por correo electr\u00f3nico o ll\u00e1menos. Hablamos alem\u00e1n e ingl\u00e9s. +1 941-269-8980 bradenton@web.de Anna Maria Villa1406 83rd [&hellip;]<\/p>\n","protected":false},"author":1,"featured_media":0,"parent":0,"menu_order":0,"comment_status":"closed","ping_status":"closed","template":"","meta":{"_et_pb_use_builder":"on","_et_pb_old_content":"","_et_gb_content_width":"","footnotes":""},"class_list":["post-1045","page","type-page","status-publish","hentry"],"_links":{"self":[{"href":"https:\/\/anna-maria-villa.com\/es\/wp-json\/wp\/v2\/pages\/1045"}],"collection":[{"href":"https:\/\/anna-maria-villa.com\/es\/wp-json\/wp\/v2\/pages"}],"about":[{"href":"https:\/\/anna-maria-villa.com\/es\/wp-json\/wp\/v2\/types\/page"}],"author":[{"embeddable":true,"href":"https:\/\/anna-maria-villa.com\/es\/wp-json\/wp\/v2\/users\/1"}],"replies":[{"embeddable":true,"href":"https:\/\/anna-maria-villa.com\/es\/wp-json\/wp\/v2\/comments?post=1045"}],"version-history":[{"count":16,"href":"https:\/\/anna-maria-villa.com\/es\/wp-json\/wp\/v2\/pages\/1045\/revisions"}],"predecessor-version":[{"id":1521,"href":"https:\/\/anna-maria-villa.com\/es\/wp-json\/wp\/v2\/pages\/1045\/revisions\/1521"}],"wp:attachment":[{"href":"https:\/\/anna-maria-villa.com\/es\/wp-json\/wp\/v2\/media?parent=1045"}],"curies":[{"name":"wp","href":"https:\/\/api.w.org\/{rel}","templated":true}]}}