{"id":1031,"date":"2020-09-10T11:49:51","date_gmt":"2020-09-10T11:49:51","guid":{"rendered":"https:\/\/anna-maria-villa.com\/casa\/"},"modified":"2022-10-12T09:18:38","modified_gmt":"2022-10-12T09:18:38","slug":"casa","status":"publish","type":"page","link":"https:\/\/anna-maria-villa.com\/es\/","title":{"rendered":"Casa"},"content":{"rendered":"<p>[et_pb_section fb_built=\u00bb1&#8243; _builder_version=\u00bb4.7.4&#8243; _module_preset=\u00bbdefault\u00bb use_background_color_gradient=\u00bbon\u00bb background_color_gradient_start=\u00bb#ffffff\u00bb background_color_gradient_end=\u00bb#00c1c1&#8243; background_color_gradient_start_position=\u00bb50%\u00bb background_image=\u00bbhttps:\/\/anna-maria-villa.com\/wp-content\/uploads\/2020\/11\/AdobeStock_297264348.jpg\u00bb custom_padding=\u00bb116px||114px|||\u00bb][et_pb_row _builder_version=\u00bb4.7.4&#8243; _module_preset=\u00bbdefault\u00bb][et_pb_column type=\u00bb4_4&#8243; _builder_version=\u00bb4.7.4&#8243; _module_preset=\u00bbdefault\u00bb][et_pb_text _builder_version=\u00bb4.9.4&#8243; text_font=\u00bb||||||||\u00bb text_text_color=\u00bb#000000&#8243; text_font_size=\u00bb21px\u00bb header_font=\u00bbPrata local||||||||\u00bb header_text_color=\u00bb#000000&#8243; header_font_size=\u00bb62px\u00bb header_line_height=\u00bb1.3em\u00bb header_2_font=\u00bbPrata|700||on|||||\u00bb header_2_font_size=\u00bb16px\u00bb header_2_letter_spacing=\u00bb6px\u00bb header_2_line_height=\u00bb2em\u00bb header_3_font=\u00bb||||||||\u00bb custom_margin=\u00bb0px||0px||false|false\u00bb custom_margin_tablet=\u00bb0vw||20px\u00bb custom_margin_phone=\u00bb\u00bb custom_margin_last_edited=\u00bbon|desktop\u00bb custom_padding=\u00bb0px||42px|||\u00bb hover_enabled=\u00bb0&#8243; text_font_size_tablet=\u00bb\u00bb text_font_size_phone=\u00bb\u00bb text_font_size_last_edited=\u00bbon|tablet\u00bb header_font_size_tablet=\u00bb10vw\u00bb header_font_size_phone=\u00bb\u00bb header_font_size_last_edited=\u00bbon|phone\u00bb header_2_font_size_tablet=\u00bb\u00bb header_2_font_size_phone=\u00bb12px\u00bb header_2_font_size_last_edited=\u00bbon|phone\u00bb header_text_shadow_style=\u00bbpreset3&#8243; header_text_shadow_vertical_length=\u00bb0.03em\u00bb header_text_shadow_color=\u00bb#ffffff\u00bb locked=\u00bboff\u00bb header_3_font_size__hover=\u00bb22px\u00bb header_3_font_size__hover_enabled=\u00bb22px\u00bb header_3_letter_spacing__hover=\u00bb0px\u00bb header_3_letter_spacing__hover_enabled=\u00bb0px\u00bb header_3_line_height__hover=\u00bb1em\u00bb header_3_line_height__hover_enabled=\u00bb1em\u00bb header_3_text_shadow_style__hover=\u00bbnone\u00bb header_3_text_shadow_style__hover_enabled=\u00bbnone\u00bb header_3_text_shadow_color__hover=\u00bbrgba(0,0,0,0.4)\u00bb header_3_text_shadow_color__hover_enabled=\u00bbrgba(0,0,0,0.4)\u00bb sticky_enabled=\u00bb0&#8243;]<\/p>\n<h1>Vacaciones en el para\u00edso<\/h1>\n<p>[\/et_pb_text][et_pb_button button_url=\u00bbhttps:\/\/www.florida-dreams.com\/vacation-rentals\/rental\/1757-205071\/\u00bb url_new_window=\u00bbon\u00bb button_text=\u00bbReserve su sue\u00f1o en el soleado estado de Florida ahora\u00bb button_alignment=\u00bbleft\u00bb _builder_version=\u00bb4.7.4&#8243; custom_button=\u00bbon\u00bb button_text_color=\u00bb#00c1c1&#8243; button_bg_color=\u00bb#ffffff\u00bb button_border_width=\u00bb0px\u00bb button_border_radius=\u00bb8px\u00bb custom_margin=\u00bb0px||29px|||\u00bb][\/et_pb_button][\/et_pb_column][\/et_pb_row][\/et_pb_section][et_pb_section fb_built=\u00bb1&#8243; _builder_version=\u00bb4.7.4&#8243; _module_preset=\u00bbdefault\u00bb][et_pb_row _builder_version=\u00bb4.7.4&#8243; _module_preset=\u00bbdefault\u00bb][et_pb_column type=\u00bb4_4&#8243; _builder_version=\u00bb4.7.4&#8243; _module_preset=\u00bbdefault\u00bb][et_pb_text _builder_version=\u00bb4.9.4&#8243; _module_preset=\u00bbdefault\u00bb text_font=\u00bbLato Regular local||||||||\u00bb header_font=\u00bbPrata local||||||||\u00bb header_3_font=\u00bbPrata local|600|||||||\u00bb]<\/p>\n<h3 style=\"text-align: center;\">Tus vacaciones de ensue\u00f1o en la costa suroeste de Florida con las interminables playas de arena blanca<\/h3>\n<p style=\"text-align: center;\">En el<strong> Villa Anna Maria<\/strong> disfrute de un tiempo sin preocupaciones en Florida.<\/p>\n<p style=\"text-align: center;\">[\/et_pb_text][et_pb_video src=\u00bbhttps:\/\/anna-maria-villa.com\/wp-content\/uploads\/2020\/11\/Video_anna_maria-1.mp4&#8243; image_src=\u00bbhttps:\/\/anna-maria-villa.com\/wp-content\/uploads\/2021\/01\/Voransichtsbild.jpg\u00bb thumbnail_overlay_color=\u00bbrgba(0,0,0,0.6)\u00bb _builder_version=\u00bb4.7.4&#8243; _module_preset=\u00bbdefault\u00bb custom_margin=\u00bb||41px|||\u00bb][\/et_pb_video][et_pb_text _builder_version=\u00bb4.7.4&#8243; _module_preset=\u00bbdefault\u00bb custom_padding=\u00bb0px|||||\u00bb]<\/p>\n<p> <strong>Villa Anna Maria<\/strong> \u00a1Es una belleza con 4 habitaciones, 3 ba\u00f1os y piscina! Est\u00e1 ubicado en el popular barrio de North West Bradenton.  Todos los dormitorios, la gran sala de juegos, as\u00ed como la<strong> sala de estar cubierta<\/strong> al aire libre est\u00e1n equipados con un televisor. Esta c\u00f3moda villa tiene dos camas king, una cama queen y dos camas dobles y puede alojar hasta 8 personas. Rel\u00e1jate en el<strong> piscina temperada<\/strong> o la atractiva sala de estar al aire libre, el comedor y la sala de estar cubiertos, donde podr\u00e1 disfrutar de bebidas fr\u00edas. La cocina est\u00e1 totalmente equipada con todas las comodidades modernas. Tambi\u00e9n hay una sala de lavander\u00eda con lavadora y secadora. La<strong> gran \u00e1rea de entretenimiento separada<\/strong> no solo est\u00e1 destinado a los ni\u00f1os, sino que los adultos tambi\u00e9n pueden relajarse y disfrutar de las competiciones all\u00ed. Einen Barbecue Gasgrill, WLAN, Strandst\u00fchle und -handt\u00fccher stehen zur kostenlosen Benutzung bereit. Toda la familia disfrutar\u00e1 de la comodidad, especialmente de la proximidad a las playas de arena blanca de la isla Anna Maria que se pueden encontrar en<strong> menos de 10 minutos en coche<\/strong> as\u00ed como tiendas y restaurantes locales de Bradenton.<\/p>\n<p>[\/et_pb_text][\/et_pb_column][\/et_pb_row][et_pb_row column_structure=\u00bb1_3,1_3,1_3&#8243; use_custom_gutter=\u00bbon\u00bb gutter_width=\u00bb2&#8243; _builder_version=\u00bb4.7.4&#8243; _module_preset=\u00bbdefault\u00bb][et_pb_column type=\u00bb1_3&#8243; _builder_version=\u00bb4.7.4&#8243; _module_preset=\u00bbdefault\u00bb][et_pb_image src=\u00bbhttps:\/\/anna-maria-villa.com\/wp-content\/uploads\/2020\/11\/A7R02769.jpg\u00bb alt=\u00bbRelajarse\u00bb title_text=\u00bb_A7R02769&#8243; _builder_version=\u00bb4.7.4&#8243; _module_preset=\u00bbdefault\u00bb][\/et_pb_image][\/et_pb_column][et_pb_column type=\u00bb1_3&#8243; _builder_version=\u00bb4.7.4&#8243; _module_preset=\u00bbdefault\u00bb][et_pb_image src=\u00bbhttps:\/\/anna-maria-villa.com\/wp-content\/uploads\/2020\/11\/A7R02783.jpg\u00bb alt=\u00bbVilla Anna Maria\u00bb title_text=\u00bb_A7R02783&#8243; _builder_version=\u00bb4.7.4&#8243; _module_preset=\u00bbdefault\u00bb][\/et_pb_image][\/et_pb_column][et_pb_column type=\u00bb1_3&#8243; _builder_version=\u00bb4.7.4&#8243; _module_preset=\u00bbdefault\u00bb][et_pb_image src=\u00bbhttps:\/\/anna-maria-villa.com\/wp-content\/uploads\/2020\/11\/A7R02755.jpg\u00bb alt=\u00bbpiscina\u00bb title_text=\u00bb_A7R02755&#8243; _builder_version=\u00bb4.7.4&#8243; _module_preset=\u00bbdefault\u00bb][\/et_pb_image][\/et_pb_column][\/et_pb_row][\/et_pb_section]<\/p>\n","protected":false},"excerpt":{"rendered":"<p>Vacaciones en el para\u00edsoTus vacaciones de ensue\u00f1o en la costa suroeste de Florida con las interminables playas de arena blanca En el Villa Anna Maria disfrute de un tiempo sin preocupaciones en Florida. Villa Anna Maria \u00a1Es una belleza con 4 habitaciones, 3 ba\u00f1os y piscina! Est\u00e1 ubicado en el popular barrio de North West [&hellip;]<\/p>\n","protected":false},"author":1,"featured_media":0,"parent":0,"menu_order":0,"comment_status":"closed","ping_status":"closed","template":"","meta":{"_et_pb_use_builder":"on","_et_pb_old_content":"","_et_gb_content_width":"","footnotes":""},"class_list":["post-1031","page","type-page","status-publish","hentry"],"_links":{"self":[{"href":"https:\/\/anna-maria-villa.com\/es\/wp-json\/wp\/v2\/pages\/1031"}],"collection":[{"href":"https:\/\/anna-maria-villa.com\/es\/wp-json\/wp\/v2\/pages"}],"about":[{"href":"https:\/\/anna-maria-villa.com\/es\/wp-json\/wp\/v2\/types\/page"}],"author":[{"embeddable":true,"href":"https:\/\/anna-maria-villa.com\/es\/wp-json\/wp\/v2\/users\/1"}],"replies":[{"embeddable":true,"href":"https:\/\/anna-maria-villa.com\/es\/wp-json\/wp\/v2\/comments?post=1031"}],"version-history":[{"count":15,"href":"https:\/\/anna-maria-villa.com\/es\/wp-json\/wp\/v2\/pages\/1031\/revisions"}],"predecessor-version":[{"id":1518,"href":"https:\/\/anna-maria-villa.com\/es\/wp-json\/wp\/v2\/pages\/1031\/revisions\/1518"}],"wp:attachment":[{"href":"https:\/\/anna-maria-villa.com\/es\/wp-json\/wp\/v2\/media?parent=1031"}],"curies":[{"name":"wp","href":"https:\/\/api.w.org\/{rel}","templated":true}]}}