{"id":1010,"date":"2020-09-02T14:11:37","date_gmt":"2020-09-02T14:11:37","guid":{"rendered":"https:\/\/anna-maria-villa.com\/villa\/"},"modified":"2021-06-16T11:21:45","modified_gmt":"2021-06-16T11:21:45","slug":"villa","status":"publish","type":"page","link":"https:\/\/anna-maria-villa.com\/es\/villa\/","title":{"rendered":"villa"},"content":{"rendered":"<p>[et_pb_section fb_built=\u00bb1&#8243; use_custom_gutter=\u00bbon\u00bb gutter_width=\u00bb1&#8243; specialty=\u00bbon\u00bb padding_top_bottom_link_1=\u00bbfalse\u00bb padding_top_bottom_link_2=\u00bbfalse\u00bb padding_top_bottom_link_3=\u00bbfalse\u00bb padding_left_right_link_1=\u00bbfalse\u00bb padding_left_right_link_2=\u00bbfalse\u00bb padding_left_right_link_3=\u00bbfalse\u00bb padding_top_1=\u00bb0px\u00bb padding_top_2=\u00bb0px\u00bb padding_top_3=\u00bb0px\u00bb padding_bottom_1=\u00bb0px\u00bb padding_bottom_2=\u00bb0px\u00bb padding_bottom_3=\u00bb0px\u00bb disabled_on=\u00bbon|on|off\u00bb _builder_version=\u00bb4.7.4&#8243; background_color=\u00bb#00c1c1&#8243; background_enable_image=\u00bboff\u00bb inner_width=\u00bb100%\u00bb height=\u00bb176px\u00bb custom_padding=\u00bb0px||0px||false|false\u00bb][et_pb_column type=\u00bb1_4&#8243; _builder_version=\u00bb3.25&#8243; custom_padding=\u00bb|||\u00bb custom_padding__hover=\u00bb|||\u00bb][et_pb_image src=\u00bbhttps:\/\/anna-maria-villa.com\/wp-content\/uploads\/2020\/11\/a7r02791-a7r02793.jpg\u00bb alt=\u00bbsala de estar\u00bb title_text=\u00bb_a7r02791-a7r02793&#8243; force_fullwidth=\u00bbon\u00bb _builder_version=\u00bb4.7.4&#8243; min_height=\u00bb176px\u00bb max_height=\u00bb176px\u00bb custom_margin=\u00bb0px||0px||false|false\u00bb custom_padding=\u00bb0px||0px||false|false\u00bb][\/et_pb_image][\/et_pb_column][et_pb_column type=\u00bb1_2&#8243; specialty_columns=\u00bb2&#8243; _builder_version=\u00bb3.25&#8243; custom_padding=\u00bb|||\u00bb custom_padding__hover=\u00bb|||\u00bb][et_pb_row_inner column_structure=\u00bb1_3,1_3,1_3&#8243; use_custom_gutter=\u00bbon\u00bb gutter_width=\u00bb1&#8243; make_equal=\u00bbon\u00bb _builder_version=\u00bb4.7.4&#8243; background_color=\u00bb#ffffff\u00bb height=\u00bb176px\u00bb max_height=\u00bb176px\u00bb custom_padding=\u00bb0px||0px||false|false\u00bb][et_pb_column_inner type=\u00bb1_3&#8243; saved_specialty_column_type=\u00bb1_2&#8243; _builder_version=\u00bb4.7.4&#8243; background_color=\u00bb#ffffff\u00bb link_option_url=\u00bbhttps:\/\/anna-maria-villa.com\/die-villa\/#unterkunft\u00bb background__hover_enabled=\u00bbon|hover\u00bb background_color__hover=\u00bbrgba(203,187,160,0.23)\u00bb background_enable_color__hover=\u00bbon\u00bb][et_pb_blurb image=\u00bbhttps:\/\/anna-maria-villa.com\/wp-content\/uploads\/2020\/09\/resort-icon-01.png\u00bb _builder_version=\u00bb3.29.3&#8243; text_orientation=\u00bbcenter\u00bb custom_padding=\u00bb15%||15%||true|false\u00bb]<\/p>\n<p>alojamiento<\/p>\n<p>[\/et_pb_blurb][\/et_pb_column_inner][et_pb_column_inner type=\u00bb1_3&#8243; saved_specialty_column_type=\u00bb1_2&#8243; _builder_version=\u00bb4.7.4&#8243; background_color=\u00bb#ffffff\u00bb link_option_url=\u00bbhttps:\/\/anna-maria-villa.com\/der-ort-bradenton\/#ausflug\u00bb background_color__hover=\u00bbrgba(203,187,160,0.23)\u00bb background_enable_color__hover=\u00bbon\u00bb background__hover_enabled=\u00bbon|hover\u00bb][et_pb_blurb image=\u00bbhttps:\/\/anna-maria-villa.com\/wp-content\/uploads\/2020\/09\/resort-icon-02.png\u00bb _builder_version=\u00bb3.29.3&#8243; text_orientation=\u00bbcenter\u00bb custom_padding=\u00bb15%||15%||true|false\u00bb]<\/p>\n<p>ocupaciones<\/p>\n<p>[\/et_pb_blurb][\/et_pb_column_inner][et_pb_column_inner type=\u00bb1_3&#8243; saved_specialty_column_type=\u00bb1_2&#8243; _builder_version=\u00bb4.7.4&#8243; background_color=\u00bb#ffffff\u00bb link_option_url=\u00bbhttps:\/\/anna-maria-villa.com\/der-ort-bradenton\/\u00bb background_color__hover=\u00bbrgba(203,187,160,0.23)\u00bb background_enable_color__hover=\u00bbon\u00bb background__hover_enabled=\u00bbon|hover\u00bb][et_pb_blurb image=\u00bbhttps:\/\/anna-maria-villa.com\/wp-content\/uploads\/2020\/09\/resort-icon-03.png\u00bb _builder_version=\u00bb3.29.3&#8243; text_orientation=\u00bbcenter\u00bb custom_padding=\u00bb15%||15%||true|false\u00bb locked=\u00bboff\u00bb]<\/p>\n<p>Alrededores<\/p>\n<p>[\/et_pb_blurb][\/et_pb_column_inner][\/et_pb_row_inner][\/et_pb_column][et_pb_column type=\u00bb1_4&#8243; _builder_version=\u00bb3.25&#8243; custom_padding=\u00bb|||\u00bb custom_padding__hover=\u00bb|||\u00bb][et_pb_image src=\u00bbhttps:\/\/anna-maria-villa.com\/wp-content\/uploads\/2020\/11\/A7R02785.jpg\u00bb alt=\u00bbVilla de entrada\u00bb title_text=\u00bb_A7R02785&#8243; force_fullwidth=\u00bbon\u00bb _builder_version=\u00bb4.7.4&#8243; height=\u00bb176px\u00bb custom_margin=\u00bb0px||0px||false|false\u00bb filter_brightness=\u00bb109%\u00bb][\/et_pb_image][\/et_pb_column][\/et_pb_section][et_pb_section fb_built=\u00bb1&#8243; admin_label=\u00bbAbout\u00bb _builder_version=\u00bb4.7.4&#8243; background_color=\u00bbrgba(0,0,0,0.08)\u00bb background_enable_image=\u00bboff\u00bb background_blend=\u00bbdarken\u00bb custom_margin=\u00bb||0px||false|false\u00bb custom_padding=\u00bb8%||8%||true|false\u00bb][et_pb_row column_structure=\u00bb1_2,1_2&#8243; _builder_version=\u00bb3.29.3&#8243; custom_margin=\u00bb-5px|auto||auto||\u00bb custom_padding=\u00bb0px||0px|||\u00bb][et_pb_column type=\u00bb1_2&#8243; _builder_version=\u00bb3.29.3&#8243; custom_padding=\u00bb|||\u00bb custom_padding__hover=\u00bb|||\u00bb][et_pb_text _builder_version=\u00bb4.7.4&#8243; text_font=\u00bbOpen Sans||||||||\u00bb text_line_height=\u00bb2em\u00bb header_font=\u00bb||||||||\u00bb header_text_align=\u00bbcenter\u00bb header_font_size=\u00bb53px\u00bb header_2_font=\u00bb||||||||\u00bb header_2_font_size=\u00bb60px\u00bb header_2_line_height=\u00bb1.2em\u00bb max_width=\u00bb550px\u00bb custom_margin=\u00bb|-11px||||\u00bb custom_padding=\u00bb|0px||||\u00bb header_2_font_size_tablet=\u00bb40px\u00bb header_2_font_size_phone=\u00bb30px\u00bb header_2_font_size_last_edited=\u00bbon|phone\u00bb locked=\u00bboff\u00bb]<\/p>\n<h1>Villa Anna Maria<\/h1>\n<p>[\/et_pb_text][\/et_pb_column][et_pb_column type=\u00bb1_2&#8243; _builder_version=\u00bb3.25&#8243; custom_padding=\u00bb24px|||\u00bb custom_padding__hover=\u00bb|||\u00bb][et_pb_blurb title=\u00bbNoroeste de Bradenton &#8211; Florida\u00bb use_icon=\u00bbon\u00bb font_icon=\u00bb%%249%%\u00bb icon_color=\u00bb#00c1c1&#8243; icon_placement=\u00bbleft\u00bb use_icon_font_size=\u00bbon\u00bb icon_font_size=\u00bb22px\u00bb _builder_version=\u00bb4.7.4&#8243; header_font=\u00bb|600||on|||||\u00bb header_font_size=\u00bb14px\u00bb header_letter_spacing=\u00bb1px\u00bb header_line_height=\u00bb1.3em\u00bb body_font=\u00bb||||||||\u00bb body_text_color=\u00bbrgba(0,0,0,0.3)\u00bb width=\u00bb100%\u00bb custom_padding=\u00bb|||0px||\u00bb link_option_url=\u00bb#\u00bb icon_color__hover_enabled=\u00bbon\u00bb icon_color__hover=\u00bb#ff5900&#8243;]<\/p>\n<p>1406 83rd St NW, Bradenton, FL 34209, EE. UU.<\/p>\n<p>[\/et_pb_blurb][\/et_pb_column][\/et_pb_row][\/et_pb_section][et_pb_section fb_built=\u00bb1&#8243; _builder_version=\u00bb3.29.3&#8243; custom_padding=\u00bb0px||5px|||\u00bb][et_pb_row _builder_version=\u00bb3.29.3&#8243; custom_padding=\u00bb||51px|||\u00bb][et_pb_column type=\u00bb4_4&#8243; _builder_version=\u00bb3.29.3&#8243;][et_pb_text _builder_version=\u00bb4.7.4&#8243; text_font=\u00bbOpen Sans||||||||\u00bb text_line_height=\u00bb2em\u00bb header_font=\u00bb||||||||\u00bb header_2_font=\u00bbGilda Display||||||||\u00bb header_2_font_size=\u00bb60px\u00bb header_2_line_height=\u00bb1.2em\u00bb header_2_font_size_tablet=\u00bb40px\u00bb header_2_font_size_phone=\u00bb30px\u00bb header_2_font_size_last_edited=\u00bbon|phone\u00bb locked=\u00bboff\u00bb]<\/p>\n<h2>Perspectivas<\/h2>\n<p>[\/et_pb_text][et_pb_divider color=\u00bb#00c1c1&#8243; divider_weight=\u00bb2px\u00bb _builder_version=\u00bb4.7.4&#8243; _module_preset=\u00bbdefault\u00bb][\/et_pb_divider][et_pb_gallery gallery_ids=\u00bb380,382,387,388,391,393,395,396,399,401,416,384,385,389,404,423&#8243; posts_number=\u00bb8&#8243; show_title_and_caption=\u00bboff\u00bb _builder_version=\u00bb4.7.4&#8243; width=\u00bb100%\u00bb module_alignment=\u00bbcenter\u00bb][\/et_pb_gallery][\/et_pb_column][\/et_pb_row][\/et_pb_section][et_pb_section fb_built=\u00bb1&#8243; admin_label=\u00bbActivities\u00bb _builder_version=\u00bb4.7.4&#8243; background_color=\u00bbrgba(203,187,160,0.6)\u00bb custom_padding=\u00bb5px|||||\u00bb locked=\u00bboff\u00bb][et_pb_row _builder_version=\u00bb3.29.3&#8243;][et_pb_column type=\u00bb4_4&#8243; _builder_version=\u00bb3.25&#8243; custom_padding=\u00bb100px|||\u00bb custom_padding__hover=\u00bb|||\u00bb][et_pb_text _builder_version=\u00bb4.7.4&#8243; text_font=\u00bbOpen Sans||||||||\u00bb header_font=\u00bb||||||||\u00bb header_2_font=\u00bbGilda Display||||||||\u00bb header_2_font_size=\u00bb60px\u00bb header_2_line_height=\u00bb1.2em\u00bb custom_margin=\u00bb||1px|||\u00bb header_2_font_size_tablet=\u00bb40px\u00bb header_2_font_size_phone=\u00bb30px\u00bb header_2_font_size_last_edited=\u00bbon|phone\u00bb locked=\u00bboff\u00bb]<\/p>\n<h2>Tiempo para relajarse<\/h2>\n<\/p>\n<div class=\"et_pb_column et_pb_column_4_4 et_pb_column_1 et_pb_css_mix_blend_mode_passthrough et-last-child\">\n<div class=\"et_pb_module et_pb_text et_pb_text_1 et_pb_text_align_left et_pb_bg_layout_light\">\n<div class=\"et_pb_text_inner\">\n<h3 style=\"text-align: center\">Tus vacaciones de ensue\u00f1o en la costa suroeste de Florida con las interminables playas de arena blanca<\/h3>\n<p style=\"text-align: center\">En el<strong> Villa Anna Maria<\/strong> disfrute de un tiempo sin preocupaciones en Florida.<\/p>\n<\/p><\/div>\n<\/p><\/div>\n<\/p><\/div>\n<\/p>\n<p>[\/et_pb_text][et_pb_video src=\u00bbhttps:\/\/anna-maria-villa.com\/wp-content\/uploads\/2020\/11\/Video_anna_maria-1.mp4&#8243; image_src=\u00bbhttps:\/\/anna-maria-villa.com\/wp-content\/uploads\/2021\/01\/Voransichtsbild.jpg\u00bb thumbnail_overlay_color=\u00bbrgba(0,0,0,0.6)\u00bb _builder_version=\u00bb4.7.4&#8243; _module_preset=\u00bbdefault\u00bb][\/et_pb_video][et_pb_text _builder_version=\u00bb4.7.4&#8243; text_font=\u00bbOpen Sans||||||||\u00bb header_font=\u00bb||||||||\u00bb header_2_font=\u00bbGilda Display||||||||\u00bb header_2_font_size=\u00bb60px\u00bb header_2_line_height=\u00bb1.2em\u00bb custom_margin=\u00bb||1px|||\u00bb header_2_font_size_tablet=\u00bb40px\u00bb header_2_font_size_phone=\u00bb30px\u00bb header_2_font_size_last_edited=\u00bbon|phone\u00bb locked=\u00bboff\u00bb]<\/p>\n<div class=\"et_pb_column et_pb_column_4_4 et_pb_column_1 et_pb_css_mix_blend_mode_passthrough et-last-child\">\n<div class=\"et_pb_module et_pb_text et_pb_text_1 et_pb_text_align_left et_pb_bg_layout_light\">\n<div class=\"et_pb_text_inner\">\n<p style=\"text-align: left\"><strong>Villa Anna Maria<\/strong> \u00a1Es una belleza con 4 habitaciones, 3 ba\u00f1os y piscina! Est\u00e1 ubicado en el popular barrio de North West Bradenton. Todos los dormitorios, la gran sala de juegos, as\u00ed como la<strong> sala de estar cubierta<\/strong> al aire libre est\u00e1n equipados con un televisor. Esta c\u00f3moda villa tiene dos camas king, una cama queen y dos camas dobles y puede alojar hasta 8 personas. Rel\u00e1jate en el<strong> piscina temperada<\/strong> o la atractiva sala de estar al aire libre, el comedor y la sala de estar cubiertos, donde podr\u00e1 disfrutar de bebidas fr\u00edas. La cocina est\u00e1 totalmente equipada con todas las comodidades modernas. Tambi\u00e9n hay una sala de lavander\u00eda con lavadora y secadora. La<strong> gran \u00e1rea de entretenimiento separada<\/strong> no solo est\u00e1 destinado a los ni\u00f1os, sino que los adultos tambi\u00e9n pueden relajarse y disfrutar de las competiciones all\u00ed. Hay barbacoa, WiFi, sillas de playa y toallas de uso gratuito. Toda la familia disfrutar\u00e1 de la comodidad, especialmente de la proximidad a las playas de arena blanca de la isla Anna Maria que se pueden encontrar en<strong> menos de 10 minutos en coche<\/strong> as\u00ed como tiendas y restaurantes locales de Bradenton.<\/p>\n<\/p><\/div>\n<\/p><\/div>\n<div class=\"et_pb_module et_pb_text et_pb_text_2 et_pb_text_align_left et_pb_bg_layout_light\" style=\"text-align: left\">\n<div class=\"et_pb_text_inner\">\n<\/p><\/div>\n<\/p><\/div>\n<\/p><\/div>\n<p style=\"text-align: left\">Traiga a su mascota por un cargo adicional. El l\u00edmite superior para el tama\u00f1o de la mascota es de 20 kg.<\/p>\n<p>[\/et_pb_text][\/et_pb_column][\/et_pb_row][\/et_pb_section][et_pb_section fb_built=\u00bb1&#8243; module_id=\u00bbalojamiento\u00bb _builder_version=\u00bb4.7.4&#8243; _module_preset=\u00bbdefault\u00bb custom_padding=\u00bb0px||38px|||\u00bb][et_pb_row _builder_version=\u00bb4.7.4&#8243; _module_preset=\u00bbdefault\u00bb][et_pb_column type=\u00bb4_4&#8243; _builder_version=\u00bb4.7.4&#8243; _module_preset=\u00bbdefault\u00bb][et_pb_divider color=\u00bb#ffffff\u00bb _builder_version=\u00bb4.7.4&#8243; _module_preset=\u00bbdefault\u00bb][\/et_pb_divider][\/et_pb_column][\/et_pb_row][\/et_pb_section][et_pb_section fb_built=\u00bb1&#8243; _builder_version=\u00bb4.7.4&#8243; _module_preset=\u00bbdefault\u00bb custom_margin=\u00bb0px||0px||false|false\u00bb custom_padding=\u00bb0px||0px||false|false\u00bb][et_pb_row _builder_version=\u00bb4.7.4&#8243; _module_preset=\u00bbdefault\u00bb][et_pb_column type=\u00bb4_4&#8243; _builder_version=\u00bb4.7.4&#8243; _module_preset=\u00bbdefault\u00bb][et_pb_text _builder_version=\u00bb4.7.4&#8243; _module_preset=\u00bbdefault\u00bb custom_margin=\u00bb||-4px|||\u00bb]<\/p>\n<h3>casa<\/h3>\n<p>[\/et_pb_text][et_pb_divider color=\u00bb#00c1c1&#8243; divider_weight=\u00bb2px\u00bb _builder_version=\u00bb4.7.4&#8243; _module_preset=\u00bbdefault\u00bb][\/et_pb_divider][\/et_pb_column][\/et_pb_row][et_pb_row column_structure=\u00bb1_2,1_2&#8243; _builder_version=\u00bb4.7.4&#8243; _module_preset=\u00bbdefault\u00bb custom_padding=\u00bb3px|||||\u00bb][et_pb_column type=\u00bb1_2&#8243; _builder_version=\u00bb4.7.4&#8243; _module_preset=\u00bbdefault\u00bb][et_pb_text _builder_version=\u00bb4.7.4&#8243; _module_preset=\u00bbdefault\u00bb]<\/p>\n<p>Espacio habitable 200 m2, 8 personas<\/p>\n<p>4 habitaciones, 3 ba\u00f1os<\/p>\n<p>lavadora y secadora<\/p>\n<p>Sala de juegos con futbol\u00edn, dardos, TV, Playstation, rinc\u00f3n de libros, mesa para ni\u00f1os<\/p>\n<p>Accesorios para ir a la playa: tumbonas, sombrillas, ayudas a la nataci\u00f3n<\/p>\n<p>[\/et_pb_text][\/et_pb_column][et_pb_column type=\u00bb1_2&#8243; _builder_version=\u00bb4.7.4&#8243; _module_preset=\u00bbdefault\u00bb][et_pb_gallery gallery_ids=\u00bb440,439,436,442,435,437,438,441,397&#8243; show_title_and_caption=\u00bboff\u00bb _builder_version=\u00bb4.7.4&#8243; _module_preset=\u00bbdefault\u00bb][\/et_pb_gallery][\/et_pb_column][\/et_pb_row][\/et_pb_section][et_pb_section fb_built=\u00bb1&#8243; _builder_version=\u00bb4.7.4&#8243; _module_preset=\u00bbdefault\u00bb custom_margin=\u00bb0px||0px||false|false\u00bb custom_padding=\u00bb0px||0px||false|false\u00bb][et_pb_row _builder_version=\u00bb4.7.4&#8243; _module_preset=\u00bbdefault\u00bb][et_pb_column type=\u00bb4_4&#8243; _builder_version=\u00bb4.7.4&#8243; _module_preset=\u00bbdefault\u00bb][et_pb_text _builder_version=\u00bb4.7.4&#8243; _module_preset=\u00bbdefault\u00bb custom_margin=\u00bb||-4px|||\u00bb]<\/p>\n<h3>Sala de estar<\/h3>\n<p>[\/et_pb_text][et_pb_divider color=\u00bb#00c1c1&#8243; divider_weight=\u00bb2px\u00bb _builder_version=\u00bb4.7.4&#8243; _module_preset=\u00bbdefault\u00bb][\/et_pb_divider][\/et_pb_column][\/et_pb_row][et_pb_row column_structure=\u00bb1_2,1_2&#8243; _builder_version=\u00bb4.7.4&#8243; _module_preset=\u00bbdefault\u00bb custom_padding=\u00bb3px|||||\u00bb][et_pb_column type=\u00bb1_2&#8243; _builder_version=\u00bb4.7.4&#8243; _module_preset=\u00bbdefault\u00bb][et_pb_gallery gallery_ids=\u00bb415,409,414,413,412,411,410,408,407,406,405&#8243; show_title_and_caption=\u00bboff\u00bb _builder_version=\u00bb4.7.4&#8243; _module_preset=\u00bbdefault\u00bb][\/et_pb_gallery][\/et_pb_column][et_pb_column type=\u00bb1_2&#8243; _builder_version=\u00bb4.7.4&#8243; _module_preset=\u00bbdefault\u00bb][et_pb_text _builder_version=\u00bb4.7.4&#8243; _module_preset=\u00bbdefault\u00bb]<\/p>\n<p>Amplia cocina totalmente equipada con cafetera y microondas.<\/p>\n<p>Mesa de comedor con espacio para 8 personas<\/p>\n<p>Zona de sof\u00e1s con televisi\u00f3n<\/p>\n<\/p>\n<p>[\/et_pb_text][\/et_pb_column][\/et_pb_row][\/et_pb_section][et_pb_section fb_built=\u00bb1&#8243; _builder_version=\u00bb4.7.4&#8243; _module_preset=\u00bbdefault\u00bb custom_margin=\u00bb0px||0px||false|false\u00bb custom_padding=\u00bb0px||0px||false|false\u00bb][et_pb_row _builder_version=\u00bb4.7.4&#8243; _module_preset=\u00bbdefault\u00bb][et_pb_column type=\u00bb4_4&#8243; _builder_version=\u00bb4.7.4&#8243; _module_preset=\u00bbdefault\u00bb][et_pb_text _builder_version=\u00bb4.7.4&#8243; _module_preset=\u00bbdefault\u00bb custom_margin=\u00bb||-4px|||\u00bb]<\/p>\n<h3>Dormitorio y ba\u00f1o<\/h3>\n<p>[\/et_pb_text][et_pb_divider color=\u00bb#00c1c1&#8243; divider_weight=\u00bb2px\u00bb _builder_version=\u00bb4.7.4&#8243; _module_preset=\u00bbdefault\u00bb][\/et_pb_divider][\/et_pb_column][\/et_pb_row][et_pb_row column_structure=\u00bb1_2,1_2&#8243; _builder_version=\u00bb4.7.4&#8243; _module_preset=\u00bbdefault\u00bb custom_padding=\u00bb3px|||||\u00bb][et_pb_column type=\u00bb1_2&#8243; _builder_version=\u00bb4.7.4&#8243; _module_preset=\u00bbdefault\u00bb][et_pb_text _builder_version=\u00bb4.7.4&#8243; _module_preset=\u00bbdefault\u00bb]<\/p>\n<p>4 dormitorios, 3 con cama de matrimonio y 1 con cama individual<\/p>\n<p>TV en cada habitaci\u00f3n<\/p>\n<p>3 ba\u00f1os, 2 con ducha y 1 con ba\u00f1era<\/p>\n<p>[\/et_pb_text][\/et_pb_column][et_pb_column type=\u00bb1_2&#8243; _builder_version=\u00bb4.7.4&#8243; _module_preset=\u00bbdefault\u00bb][et_pb_gallery gallery_ids=\u00bb417,418,419,420,434,433,432,431,430,429,428,427,426,425,424,423,422,421&#8243; show_title_and_caption=\u00bboff\u00bb _builder_version=\u00bb4.7.4&#8243; _module_preset=\u00bbdefault\u00bb][\/et_pb_gallery][\/et_pb_column][\/et_pb_row][\/et_pb_section][et_pb_section fb_built=\u00bb1&#8243; _builder_version=\u00bb4.7.4&#8243; _module_preset=\u00bbdefault\u00bb custom_margin=\u00bb0px||0px||false|false\u00bb custom_padding=\u00bb0px||0px||false|false\u00bb][et_pb_row _builder_version=\u00bb4.7.4&#8243; _module_preset=\u00bbdefault\u00bb][et_pb_column type=\u00bb4_4&#8243; _builder_version=\u00bb4.7.4&#8243; _module_preset=\u00bbdefault\u00bb][et_pb_text _builder_version=\u00bb4.7.4&#8243; _module_preset=\u00bbdefault\u00bb custom_margin=\u00bb||-4px|||\u00bb]<\/p>\n<h3>\u00c1rea al aire libre<\/h3>\n<p>[\/et_pb_text][et_pb_divider color=\u00bb#00c1c1&#8243; divider_weight=\u00bb2px\u00bb _builder_version=\u00bb4.7.4&#8243; _module_preset=\u00bbdefault\u00bb][\/et_pb_divider][\/et_pb_column][\/et_pb_row][et_pb_row column_structure=\u00bb1_2,1_2&#8243; _builder_version=\u00bb4.7.4&#8243; _module_preset=\u00bbdefault\u00bb custom_padding=\u00bb3px|||||\u00bb][et_pb_column type=\u00bb1_2&#8243; _builder_version=\u00bb4.7.4&#8243; _module_preset=\u00bbdefault\u00bb][et_pb_gallery gallery_ids=\u00bb394,396,395,393,392,391,390,389,388,387,386,385,384,383,377,382,380,381,379,378,376&#8243; show_title_and_caption=\u00bboff\u00bb _builder_version=\u00bb4.7.4&#8243; _module_preset=\u00bbdefault\u00bb][\/et_pb_gallery][\/et_pb_column][et_pb_column type=\u00bb1_2&#8243; _builder_version=\u00bb4.7.4&#8243; _module_preset=\u00bbdefault\u00bb][et_pb_text _builder_version=\u00bb4.7.4&#8243; _module_preset=\u00bbdefault\u00bb]<\/p>\n<p>Terraza cubierta con piscina climatizada y tumbonas<\/p>\n<p>Grupo de mesa<\/p>\n<p>Parrilla de gas<\/p>\n<p>Conservatorio con asientos, refrigerador y televisi\u00f3n por cable<\/p>\n<p>hamaca<\/p>\n<p>[\/et_pb_text][\/et_pb_column][\/et_pb_row][\/et_pb_section][et_pb_section fb_built=\u00bb1&#8243; _builder_version=\u00bb4.7.4&#8243; _module_preset=\u00bbdefault\u00bb custom_margin=\u00bb0px||0px||false|false\u00bb custom_padding=\u00bb0px||0px||false|false\u00bb][et_pb_row _builder_version=\u00bb4.7.4&#8243; _module_preset=\u00bbdefault\u00bb][et_pb_column type=\u00bb4_4&#8243; _builder_version=\u00bb4.7.4&#8243; _module_preset=\u00bbdefault\u00bb][et_pb_text _builder_version=\u00bb4.7.4&#8243; _module_preset=\u00bbdefault\u00bb custom_margin=\u00bb||-4px|||\u00bb]<\/p>\n<h2>excursiones<\/h2>\n<p>[\/et_pb_text][et_pb_divider color=\u00bb#00c1c1&#8243; divider_weight=\u00bb2px\u00bb _builder_version=\u00bb4.7.4&#8243; _module_preset=\u00bbdefault\u00bb][\/et_pb_divider][\/et_pb_column][\/et_pb_row][et_pb_row column_structure=\u00bb1_2,1_2&#8243; _builder_version=\u00bb4.7.4&#8243; _module_preset=\u00bbdefault\u00bb custom_padding=\u00bb3px|||||\u00bb][et_pb_column type=\u00bb1_2&#8243; _builder_version=\u00bb4.7.4&#8243; _module_preset=\u00bbdefault\u00bb][et_pb_text _builder_version=\u00bb4.7.4&#8243; _module_preset=\u00bbdefault\u00bb custom_padding=\u00bb34px|||||\u00bb]<\/p>\n<p>Pesca de mar profundo<\/p>\n<p>Tabla de pie<\/p>\n<p>Canotaje<\/p>\n<p>Alquiler de yates, embarcaciones y motos de agua<\/p>\n<p>Parapente<\/p>\n<p>Centros comerciales y outlets en Ellenton<\/p>\n<p>y mucho<a href=\"https:\/\/anna-maria-villa.com\/es\/bradenton\/\"> m\u00e1s<\/a> &#8230;<\/p>\n<p>[\/et_pb_text][\/et_pb_column][et_pb_column type=\u00bb1_2&#8243; _builder_version=\u00bb4.7.4&#8243; _module_preset=\u00bbdefault\u00bb][et_pb_gallery gallery_ids=\u00bb651,655,656,657&#8243; show_title_and_caption=\u00bboff\u00bb _builder_version=\u00bb4.7.4&#8243; _module_preset=\u00bbdefault\u00bb][\/et_pb_gallery][\/et_pb_column][\/et_pb_row][\/et_pb_section][et_pb_section fb_built=\u00bb1&#8243; _builder_version=\u00bb3.29.3&#8243;][et_pb_row _builder_version=\u00bb3.29.3&#8243;][et_pb_column type=\u00bb4_4&#8243; _builder_version=\u00bb3.29.3&#8243;][et_pb_text _builder_version=\u00bb4.7.4&#8243; text_font=\u00bbOpen Sans||||||||\u00bb text_line_height=\u00bb2em\u00bb header_font=\u00bb||||||||\u00bb header_2_font=\u00bbGilda Display||||||||\u00bb header_2_font_size=\u00bb60px\u00bb header_2_line_height=\u00bb1.2em\u00bb header_2_font_size_tablet=\u00bb40px\u00bb header_2_font_size_phone=\u00bb30px\u00bb header_2_font_size_last_edited=\u00bbon|phone\u00bb locked=\u00bboff\u00bb]<\/p>\n<h2>Te gustaria pasar<\/h2>\n<p>Esperamos su<a href=\"https:\/\/anna-maria-villa.com\/es\/contacto\/\"> Contacto.<\/a><\/p>\n<p>[\/et_pb_text][\/et_pb_column][\/et_pb_row][\/et_pb_section]<\/p>\n","protected":false},"excerpt":{"rendered":"<p>alojamientoocupacionesAlrededoresVilla Anna Maria1406 83rd St NW, Bradenton, FL 34209, EE. UU.PerspectivasTiempo para relajarse Tus vacaciones de ensue\u00f1o en la costa suroeste de Florida con las interminables playas de arena blanca En el Villa Anna Maria disfrute de un tiempo sin preocupaciones en Florida. Villa Anna Maria \u00a1Es una belleza con 4 habitaciones, 3 ba\u00f1os y [&hellip;]<\/p>\n","protected":false},"author":1,"featured_media":0,"parent":0,"menu_order":0,"comment_status":"closed","ping_status":"closed","template":"","meta":{"_et_pb_use_builder":"on","_et_pb_old_content":"","_et_gb_content_width":"","footnotes":""},"class_list":["post-1010","page","type-page","status-publish","hentry"],"_links":{"self":[{"href":"https:\/\/anna-maria-villa.com\/es\/wp-json\/wp\/v2\/pages\/1010"}],"collection":[{"href":"https:\/\/anna-maria-villa.com\/es\/wp-json\/wp\/v2\/pages"}],"about":[{"href":"https:\/\/anna-maria-villa.com\/es\/wp-json\/wp\/v2\/types\/page"}],"author":[{"embeddable":true,"href":"https:\/\/anna-maria-villa.com\/es\/wp-json\/wp\/v2\/users\/1"}],"replies":[{"embeddable":true,"href":"https:\/\/anna-maria-villa.com\/es\/wp-json\/wp\/v2\/comments?post=1010"}],"version-history":[{"count":6,"href":"https:\/\/anna-maria-villa.com\/es\/wp-json\/wp\/v2\/pages\/1010\/revisions"}],"predecessor-version":[{"id":1016,"href":"https:\/\/anna-maria-villa.com\/es\/wp-json\/wp\/v2\/pages\/1010\/revisions\/1016"}],"wp:attachment":[{"href":"https:\/\/anna-maria-villa.com\/es\/wp-json\/wp\/v2\/media?parent=1010"}],"curies":[{"name":"wp","href":"https:\/\/api.w.org\/{rel}","templated":true}]}}